{"id":1281,"date":"2020-10-29T11:30:34","date_gmt":"2020-10-29T09:30:34","guid":{"rendered":"https:\/\/escapium.thedungeon.ro\/?page_id=1281"},"modified":"2021-11-15T15:18:28","modified_gmt":"2021-11-15T13:18:28","slug":"masuri-covid-19","status":"publish","type":"page","link":"https:\/\/thedungeon.ro\/en\/masuri-covid-19\/","title":{"rendered":"Covid 19 Safety measures"},"content":{"rendered":"<div class=\"wp-block-image\"><figure class=\"aligncenter size-large\"><img fetchpriority=\"high\" decoding=\"async\" width=\"724\" height=\"1024\" src=\"https:\/\/thedungeon.ro\/wp-content\/uploads\/2021\/09\/Masuri-Covid1-724x1024.jpg\" alt=\"\" class=\"wp-image-3093\" title=\"\" srcset=\"https:\/\/thedungeon.ro\/wp-content\/uploads\/2021\/09\/Masuri-Covid1-724x1024.jpg 724w, https:\/\/thedungeon.ro\/wp-content\/uploads\/2021\/09\/Masuri-Covid1-212x300.jpg 212w, https:\/\/thedungeon.ro\/wp-content\/uploads\/2021\/09\/Masuri-Covid1-768x1086.jpg 768w, https:\/\/thedungeon.ro\/wp-content\/uploads\/2021\/09\/Masuri-Covid1-1086x1536.jpg 1086w, https:\/\/thedungeon.ro\/wp-content\/uploads\/2021\/09\/Masuri-Covid1-8x12.jpg 8w, https:\/\/thedungeon.ro\/wp-content\/uploads\/2021\/09\/Masuri-Covid1-600x849.jpg 600w, https:\/\/thedungeon.ro\/wp-content\/uploads\/2021\/09\/Masuri-Covid1.jpg 1414w\" sizes=\"(max-width: 724px) 100vw, 724px\" \/><\/figure><\/div><p>Dear ones,<br>We are aware that at this time everyone&#039;s health is most important, so we have developed a set of recommendations designed to protect you from any danger while you enjoy the experience of The Dungeon:<\/p><ul><li>Access to the hall is made only by online programming on our website:<br>www.thedungeon.ro at the booking module. For access to the room, it is also necessary to complete the participation agreement, and for minors the agreement must be completed by a parent \/ guardian.<\/li><li>We appeal to your civic sense not to come if you have symptoms. In these cases we will extend all vouchers and reschedule all bookings at no additional cost.<\/li><li>If weather conditions allow, please wait in front of the front door until booking. When the area is vacated, the staff will invite you inside. For safety reasons, please come only 5-10 minutes early.<\/li><li>Please do not come with more than 5 people. The maximum number of people we can accommodate on site is 7 (including the Game Master).<\/li><li>We will only take over private parties (no 2 different teams will meet at the same time).<\/li><li>If you reserve the space for a larger private party (max. 12 people), the maximum number of people allowed inside is 13 people (with Game Master). In this regard, please do not come with companions.<\/li><li>Please use the hand sanitizer provided at the entrance to the premises responsibly.<\/li><li>The bathrooms in our space are equipped with sanitation products (water, soap, disinfection solutions)<\/li><li>Please use disposable gloves.<\/li><li>Please leave your personal belongings in the entrance lockers.<\/li><li>Upon entering the premises, your temperature will rise. We reserve the right to deny access to persons if, after two measurements, you have a temperature higher than 37.3 degrees Celsius.<\/li><li>Please come with a mask and wear it over your mouth and nose throughout the event.<\/li><li>Game Master will disinfect all surfaces that come into frequent contact in front of you.<\/li><li>Game Master will ventilate the room every 60 minutes for 40 minutes.<\/li><li>The bathrooms in our space are equipped with sanitation products (water, soap, disinfection solutions).<\/li><li>The elements used by several people (door handles, reception, etc.) are periodically sanitized with biocidal substances approved for this purpose.<\/li><li>The locker rooms will be cleaned and disinfected after each use.<\/li><li>Please make an online payment when booking.<br>Thank you for all your support!<\/li><\/ul>","protected":false},"excerpt":{"rendered":"<p>Dragii no\u0219tri,Suntem con\u0219tien\u021bi de faptul c\u0103 \u00een aceste momente s\u0103n\u0103tatea tuturor este cea mai important\u0103, a\u0219a \u00eenc\u00e2t am dezvoltat un set de recomand\u0103ri menit s\u0103 v\u0103 fereasc\u0103 de orice pericol \u00een timp ce voi v\u0103 bucura\u021bi de experien\u021ba The Dungeon: Accesul \u00een sal\u0103 se face doar prin programare online pe site-ul nostru:www.thedungeon.ro la modulul rezerv\u0103ri [&hellip;]<\/p>\n","protected":false},"author":1,"featured_media":0,"parent":0,"menu_order":0,"comment_status":"closed","ping_status":"closed","template":"","meta":{"footnotes":""},"acf":[],"_links":{"self":[{"href":"https:\/\/thedungeon.ro\/en\/wp-json\/wp\/v2\/pages\/1281"}],"collection":[{"href":"https:\/\/thedungeon.ro\/en\/wp-json\/wp\/v2\/pages"}],"about":[{"href":"https:\/\/thedungeon.ro\/en\/wp-json\/wp\/v2\/types\/page"}],"author":[{"embeddable":true,"href":"https:\/\/thedungeon.ro\/en\/wp-json\/wp\/v2\/users\/1"}],"replies":[{"embeddable":true,"href":"https:\/\/thedungeon.ro\/en\/wp-json\/wp\/v2\/comments?post=1281"}],"version-history":[{"count":5,"href":"https:\/\/thedungeon.ro\/en\/wp-json\/wp\/v2\/pages\/1281\/revisions"}],"predecessor-version":[{"id":3237,"href":"https:\/\/thedungeon.ro\/en\/wp-json\/wp\/v2\/pages\/1281\/revisions\/3237"}],"wp:attachment":[{"href":"https:\/\/thedungeon.ro\/en\/wp-json\/wp\/v2\/media?parent=1281"}],"curies":[{"name":"wp","href":"https:\/\/api.w.org\/{rel}","templated":true}]}}