{"id":1295,"date":"2020-10-29T11:52:20","date_gmt":"2020-10-29T11:52:20","guid":{"rendered":"https:\/\/escapium.thedungeon.ro\/?page_id=1295"},"modified":"2020-12-03T19:24:20","modified_gmt":"2020-12-03T17:24:20","slug":"politica-de-livrare","status":"publish","type":"page","link":"https:\/\/thedungeon.ro\/en\/politica-de-livrare\/","title":{"rendered":"Delivery Policy"},"content":{"rendered":"<p><a href=\"https:\/\/thedungeon.ro\/en\/\">thedungeon.ro<\/a> does not deliver any physical product. Our website electronically delivers payment \/ reservation confirmations, newsletters, e-books, vouchers or discount codes to the email address provided at the time of booking confirmation. The vouchers sold by www.thedungeon.ro are in digital format and will be sent to the customer in electronic format.<\/p><p>They are delivered instantly, from the moment the message &quot;Reservation \/ purchase of voucher \/ subscription confirmed confirmed&quot; appears on the screen, on the email address provided. If they do not appear in the Inbox, please check in the Junk \/ Spam folder. If you have not received our email instantly, please contact us immediately by phone or email so that we can remedy the technical issue.<\/p><p>We are not responsible for incorrectly filling in your email address or phone number. However, we are very receptive in solving any communication problem, so that you can get the services you want.<\/p>","protected":false},"excerpt":{"rendered":"<p>thedungeon.ro nu livreaza nici un fel de produs fizic. Site-ul nostru livreaza electronic confirmari de plat\u0103\/rezervarii, newslettere, e-books, vouchere sau coduri de reducere pe adresa de email furnizata \u00een momentul confirmarii rezervarii. Voucherele v\u00e2ndute de www.thedungeon.ro sunt \u00een format digital \u0219i vor fi transmise clientului \u00een format electronic. Acestea se livreaz\u0103 instant, din momentul \u00een [&hellip;]<\/p>\n","protected":false},"author":1,"featured_media":0,"parent":0,"menu_order":0,"comment_status":"closed","ping_status":"closed","template":"","meta":{"footnotes":""},"acf":[],"_links":{"self":[{"href":"https:\/\/thedungeon.ro\/en\/wp-json\/wp\/v2\/pages\/1295"}],"collection":[{"href":"https:\/\/thedungeon.ro\/en\/wp-json\/wp\/v2\/pages"}],"about":[{"href":"https:\/\/thedungeon.ro\/en\/wp-json\/wp\/v2\/types\/page"}],"author":[{"embeddable":true,"href":"https:\/\/thedungeon.ro\/en\/wp-json\/wp\/v2\/users\/1"}],"replies":[{"embeddable":true,"href":"https:\/\/thedungeon.ro\/en\/wp-json\/wp\/v2\/comments?post=1295"}],"version-history":[{"count":2,"href":"https:\/\/thedungeon.ro\/en\/wp-json\/wp\/v2\/pages\/1295\/revisions"}],"predecessor-version":[{"id":1555,"href":"https:\/\/thedungeon.ro\/en\/wp-json\/wp\/v2\/pages\/1295\/revisions\/1555"}],"wp:attachment":[{"href":"https:\/\/thedungeon.ro\/en\/wp-json\/wp\/v2\/media?parent=1295"}],"curies":[{"name":"wp","href":"https:\/\/api.w.org\/{rel}","templated":true}]}}