{"id":1372,"date":"2020-11-03T19:05:12","date_gmt":"2020-11-03T17:05:12","guid":{"rendered":"https:\/\/escapium.thedungeon.ro\/?page_id=1372"},"modified":"2025-03-05T17:40:01","modified_gmt":"2025-03-05T15:40:01","slug":"rezervare-confirmata","status":"publish","type":"page","link":"https:\/\/thedungeon.ro\/en\/rezervare-confirmata\/","title":{"rendered":"Reservation Confirmed"},"content":{"rendered":"<div data-elementor-type=\"wp-page\" data-elementor-id=\"1372\" class=\"elementor elementor-1372\">\n\t\t\t\t\t\t<section class=\"elementor-section elementor-top-section elementor-element elementor-element-2cb6caa9 elementor-section-boxed elementor-section-height-default elementor-section-height-default\" data-id=\"2cb6caa9\" data-element_type=\"section\">\n\t\t\t\t\t\t<div class=\"elementor-container elementor-column-gap-default\">\n\t\t\t\t\t<div class=\"elementor-column elementor-col-100 elementor-top-column elementor-element elementor-element-6213a1c\" data-id=\"6213a1c\" data-element_type=\"column\">\n\t\t\t<div class=\"elementor-widget-wrap elementor-element-populated\">\n\t\t\t\t\t\t<div class=\"elementor-element elementor-element-5b450b1b elementor-widget elementor-widget-text-editor\" data-id=\"5b450b1b\" data-element_type=\"widget\" data-widget_type=\"text-editor.default\">\n\t\t\t\t<div class=\"elementor-widget-container\">\n\t\t\t<style>\/*! elementor - v3.20.0 - 26-03-2024 *\/\n.elementor-widget-text-editor.elementor-drop-cap-view-stacked .elementor-drop-cap{background-color:#69727d;color:#fff}.elementor-widget-text-editor.elementor-drop-cap-view-framed .elementor-drop-cap{color:#69727d;border:3px solid;background-color:transparent}.elementor-widget-text-editor:not(.elementor-drop-cap-view-default) .elementor-drop-cap{margin-top:8px}.elementor-widget-text-editor:not(.elementor-drop-cap-view-default) .elementor-drop-cap-letter{width:1em;height:1em}.elementor-widget-text-editor .elementor-drop-cap{float:left;text-align:center;line-height:1;font-size:50px}.elementor-widget-text-editor .elementor-drop-cap-letter{display:inline-block}<\/style>\t\t\t\t<p><!-- wp:paragraph --><\/p>\n<p>Reservation stored and confirmed! You will receive a confirmation email in a few minutes. If you wish to cancel the reservation, use the link in the email.<\/p>\n<p>If you did not receive the email, check the Spam \/ Junk folders. If you have any questions, please use the contact form or phone number to contact us.<\/p>\n<ul>\n<li style=\"list-style-type: none;\"><br><\/li>\n<li>Dac\u0103 condi\u021biile meteorologice permit, v\u0103 rug\u0103m s\u0103 a\u0219tepta\u021bi \u00een fa\u021ba u\u0219ii de la intrare, p\u00e2n\u0103 la ora rezerv\u0103rii. La eliberarea zonei si dup\u0103 dezinfectarea camerelor, personalul v\u0103 va invita \u00een\u0103untru. Din motive de siguranta \u0219i pentru a evita intersectarea cu echipe din alte camere, v\u0103 rug\u0103m s\u0103 veni\u021bi doar cu 5-10 minute mai devreme.<\/li>\n<li>Access and distribute to all team members the page with <a href=\"https:\/\/thedungeon.ro\/en\/masuri-covid-19\/\">https:\/\/thedungeon.ro\/masuri-covid-19\/<\/a><\/li><\/ul><div><br><\/div><div><br><\/div><ul><li><b>Late fee: In cazul in care ati rezervat sloturile de la orele 20:30 si 20:45 iar echipa intarzie, se va percepe o taxa de 30 lei\/echipa. Multumim pentru intelegere!<\/b><\/li><\/ul>\n<ul>\n<li style=\"list-style-type: none;\">\n<\/li>\n<\/ul>\n<p>&nbsp;&nbsp;&nbsp;&nbsp;&nbsp;&nbsp;&nbsp;&nbsp;&nbsp;&nbsp;&nbsp;&nbsp;&nbsp;&nbsp;&nbsp;&nbsp;&nbsp;&nbsp;&nbsp;&nbsp;&nbsp;&nbsp;&nbsp;&nbsp;&nbsp;&nbsp;&nbsp;&nbsp;&nbsp;&nbsp;&nbsp;&nbsp;&nbsp;&nbsp;&nbsp;&nbsp;&nbsp;&nbsp;&nbsp;&nbsp;&nbsp;&nbsp;&nbsp;&nbsp;&nbsp;&nbsp;&nbsp;&nbsp;&nbsp;&nbsp;&nbsp;&nbsp;&nbsp;&nbsp;&nbsp;&nbsp;&nbsp;&nbsp;&nbsp;&nbsp;&nbsp;&nbsp;&nbsp;&nbsp;&nbsp;&nbsp;&nbsp;&nbsp;&nbsp;&nbsp;&nbsp;&nbsp;&nbsp;&nbsp;&nbsp;&nbsp;&nbsp;&nbsp;&nbsp;&nbsp;&nbsp;&nbsp;&nbsp;&nbsp;&nbsp;&nbsp;&nbsp;&nbsp;&nbsp;&nbsp;&nbsp;&nbsp;&nbsp;&nbsp;&nbsp;&nbsp;&nbsp;&nbsp;&nbsp;&nbsp;&nbsp;&nbsp; Thank you for booking!<\/p>\n<p><!-- \/wp:paragraph --><\/p>\t\t\t\t\t\t<\/div>\n\t\t\t\t<\/div>\n\t\t\t\t\t<\/div>\n\t\t<\/div>\n\t\t\t\t\t<\/div>\n\t\t<\/section>\n\t\t\t\t<section class=\"elementor-section elementor-top-section elementor-element elementor-element-fb14f62 elementor-section-boxed elementor-section-height-default elementor-section-height-default\" data-id=\"fb14f62\" data-element_type=\"section\">\n\t\t\t\t\t\t<div class=\"elementor-container elementor-column-gap-default\">\n\t\t\t\t\t<div class=\"elementor-column elementor-col-100 elementor-top-column elementor-element elementor-element-389af27\" data-id=\"389af27\" data-element_type=\"column\">\n\t\t\t<div class=\"elementor-widget-wrap\">\n\t\t\t\t\t\t\t<\/div>\n\t\t<\/div>\n\t\t\t\t\t<\/div>\n\t\t<\/section>\n\t\t\t\t<\/div>","protected":false},"excerpt":{"rendered":"<p>Rezervare stocat\u0103 \u0219i confirmat\u0103! Ve\u021bi primi un e-mail de confirmare \u00een c\u00e2teva minute. Dac\u0103 dori\u021bi s\u0103 anula\u021bi rezervarea, utiliza\u021bi linkul din e-mail. Dac\u0103 nu a\u021bi primit e-mailul, verifica\u021bi folderele Spam \/ Junk. Dac\u0103 ave\u021bi \u00eentreb\u0103ri, v\u0103 rug\u0103m s\u0103 utiliza\u021bi formularul de contact sau num\u0103rul de telefon pentru a lua leg\u0103tura cu noi. Dac\u0103 condi\u021biile meteorologice [&hellip;]<\/p>\n","protected":false},"author":1,"featured_media":0,"parent":0,"menu_order":0,"comment_status":"closed","ping_status":"closed","template":"","meta":{"footnotes":""},"acf":[],"_links":{"self":[{"href":"https:\/\/thedungeon.ro\/en\/wp-json\/wp\/v2\/pages\/1372"}],"collection":[{"href":"https:\/\/thedungeon.ro\/en\/wp-json\/wp\/v2\/pages"}],"about":[{"href":"https:\/\/thedungeon.ro\/en\/wp-json\/wp\/v2\/types\/page"}],"author":[{"embeddable":true,"href":"https:\/\/thedungeon.ro\/en\/wp-json\/wp\/v2\/users\/1"}],"replies":[{"embeddable":true,"href":"https:\/\/thedungeon.ro\/en\/wp-json\/wp\/v2\/comments?post=1372"}],"version-history":[{"count":12,"href":"https:\/\/thedungeon.ro\/en\/wp-json\/wp\/v2\/pages\/1372\/revisions"}],"predecessor-version":[{"id":7558,"href":"https:\/\/thedungeon.ro\/en\/wp-json\/wp\/v2\/pages\/1372\/revisions\/7558"}],"wp:attachment":[{"href":"https:\/\/thedungeon.ro\/en\/wp-json\/wp\/v2\/media?parent=1372"}],"curies":[{"name":"wp","href":"https:\/\/api.w.org\/{rel}","templated":true}]}}