{"id":1474,"date":"2020-11-18T19:06:58","date_gmt":"2020-11-18T17:06:58","guid":{"rendered":"https:\/\/escapium.thedungeon.ro\/?page_id=1474"},"modified":"2026-04-07T19:30:07","modified_gmt":"2026-04-07T16:30:07","slug":"reteta-cadou-de-paste","status":"publish","type":"page","link":"https:\/\/thedungeon.ro\/en\/comm\/reteta-cadou-de-paste\/","title":{"rendered":"Easter Puzzle"},"content":{"rendered":"<div data-elementor-type=\"wp-page\" data-elementor-id=\"1474\" class=\"elementor elementor-1474\">\n\t\t\t\t\t\t<section class=\"elementor-section elementor-top-section elementor-element elementor-element-4d34fdde elementor-section-boxed elementor-section-height-default elementor-section-height-default\" data-id=\"4d34fdde\" data-element_type=\"section\">\n\t\t\t\t\t\t<div class=\"elementor-container elementor-column-gap-default\">\n\t\t\t\t\t<div class=\"elementor-column elementor-col-100 elementor-top-column elementor-element elementor-element-49e943b2\" data-id=\"49e943b2\" data-element_type=\"column\">\n\t\t\t<div class=\"elementor-widget-wrap elementor-element-populated\">\n\t\t\t\t\t\t<div class=\"elementor-element elementor-element-7f417d2a elementor-widget elementor-widget-text-editor\" data-id=\"7f417d2a\" data-element_type=\"widget\" data-widget_type=\"text-editor.default\">\n\t\t\t\t<div class=\"elementor-widget-container\">\n\t\t\t<style>\/*! elementor - v3.20.0 - 26-03-2024 *\/\n.elementor-widget-text-editor.elementor-drop-cap-view-stacked .elementor-drop-cap{background-color:#69727d;color:#fff}.elementor-widget-text-editor.elementor-drop-cap-view-framed .elementor-drop-cap{color:#69727d;border:3px solid;background-color:transparent}.elementor-widget-text-editor:not(.elementor-drop-cap-view-default) .elementor-drop-cap{margin-top:8px}.elementor-widget-text-editor:not(.elementor-drop-cap-view-default) .elementor-drop-cap-letter{width:1em;height:1em}.elementor-widget-text-editor .elementor-drop-cap{float:left;text-align:center;line-height:1;font-size:50px}.elementor-widget-text-editor .elementor-drop-cap-letter{display:inline-block}<\/style>\t\t\t\t<!-- wp:paragraph -->\n<p>\u0218tim c\u0103 adori jocurile noastre de escape room \u0219i c\u0103 \u00ee\u021bi plac puzzle-urile. De asta, vrem s\u0103 \u00ee\u021bi oferim un cadou de s\u0103rb\u0103tori. Jocul nostru, \u201dCandy Shop\u201d ne-a inspirat s\u0103 cre\u0103m o re\u021bet\u0103 delicioas\u0103 pentru adul\u021bi, familii sau pentru copilul din tine. Fiindc\u0103 ne plac dulciurile \u0219i puzzle-urile, am creat o re\u021bet\u0103 de \u201dBombi\u021be de ciocolat\u0103\u201d pe care o po\u021bi rezolva \u0219i de ce nu, chiar preg\u0103ti \u00eempreun\u0103 cu cei dragi.<\/p>\n<!-- \/wp:paragraph --><!-- wp:paragraph -->\n<p>Ia o foaie de h\u00e2rtie, un pix sau creioane colorate \u0219i treci la treab\u0103. \u00ce\u021bi garant\u0103m cel pu\u021bin 30 de minute de distrac\u021bie \u0219i pus mintea \u0219i aten\u021bia la contribu\u021bie. Iar la final, dac\u0103 \u021bi-am f\u0103cut poft\u0103, folose\u0219te ingredientele descoperite \u0219i recreeaz\u0103 chiar tu deliciosul desert. E super simplu de f\u0103cut, dar nu chiar at\u00e2t de simplu de rezolvat.<\/p>\n<!-- \/wp:paragraph --><!-- wp:paragraph -->\n<p>Apas\u0103 pe butonul \u201dVreau cadoul!\u201d \u0219i bucur\u0103-te de puzzle-uri. \u021ai le vom trimite \u00een c\u0103su\u021ba de email c\u00e2t ai zice \u201dBomb\u0103!\u201d.<\/p>\n<p>\u00cen cazul \u00een care nu apare in Inbox, te rug\u0103m s\u0103 verifici \u0219i c\u0103su\u021ba Spam.<\/p>\n<!-- \/wp:paragraph --><!-- wp:paragraph -->\n<p><style type=\"text\/css\">\r\n\t\t#dae-shortcode1471-download-wrapper {\r\n\t\t\tbackground: url() !important;\r\n\t\t\tbackground-attachment: scroll !important;\r\n\t\t}\r\n\t\t#dae-shortcode1471-download-wrapper .dae-shortcode-download-file-image {\r\n\t\t\twidth: 80% !important;\r\n\t\t}\r\n\t\t#dae-shortcode1471-download-wrapper.dae-shortcode-download-wrapper-wide .dae-shortcode-download-file-image {\r\n\t\t\twidth: 40% !important;\r\n\t\t}\r\n\t\t#dae-shortcode1471-download-wrapper .dae-shortcode-download-title {\r\n\t\t\tfont-size: 40px !important;\r\n\t\t\tfont-family: Arial, Helvetica, sans-serif !important;\r\n\t\t\tcolor: #0073aa !important;\r\n\t\t}\r\n\t\t#dae-shortcode1471-download-wrapper .dae-shortcode-download-text {\r\n\t\t\tfont-size: 16px !important;\r\n\t\t\tfont-family: Arial, Helvetica, sans-serif !important;\r\n\t\t\tcolor: #444444 !important;\r\n\t\t}\r\n\t\t#dae-shortcode1471-download-wrapper .dae-shortcode-download-text h1,\r\n\t\t#dae-shortcode1471-download-wrapper .dae-shortcode-download-text h2,\r\n\t\t#dae-shortcode1471-download-wrapper .dae-shortcode-download-text h3,\r\n\t\t#dae-shortcode1471-download-wrapper .dae-shortcode-download-text h4,\r\n\t\t#dae-shortcode1471-download-wrapper .dae-shortcode-download-text h5 {\r\n\t\t\tfont-family: Arial, Helvetica, sans-serif !important;\r\n\t\t}\r\n\t\t#dae-shortcode1471-download-wrapper .dae-shortcode-download-button {\r\n\t\t\tcolor: #f2b608 !important;\r\n\t\t\tbackground: none !important;\r\n\t\t\tfont-size: 25px !important;\r\n\t\t\tfont-family: Arial, Helvetica, sans-serif !important;\r\n\t\t\twidth: auto !important;\r\n\t\t\tpadding: 20px 8px !important;\r\n\t\t\tborder-color: #f2b608 !important;\r\n\t\t\tborder-radius: 10px !important;\r\n\t\t\t-moz-border-radius: 10px !important;\r\n\t\t\t-webkit-border-radius: 10px !important;\r\n\t\t}\r\n\t\t#dae-shortcode1471-download-wrapper .dae-shortcode-download-button:hover {\r\n\t\t\tcolor: #ffffff !important;\r\n\t\t\tbackground: #f2b608 !important;\r\n\t\t\tborder-color: #f2b608 !important;\r\n\t\t\tfont-size: 25px !important;\r\n\t\t\tfont-family: Arial, Helvetica, sans-serif !important;\r\n\t\t\twidth: auto !important;\r\n\t\t\tpadding: 20px 8px !important;\r\n\t\t\tborder-radius: 10px !important;\r\n\t\t\t-moz-border-radius: 10px !important;\r\n\t\t\t-webkit-border-radius: 10px !important;\r\n\t\t}\r\n\t\t#dae-shortcode1471-download-wrapper .dae-shortcode-register-label {\r\n\t\t\tfont-size: 18px !important;\r\n\t\t\tfont-family: Arial, Helvetica, sans-serif !important;\r\n\t\t\tcolor: #444444 !important;\r\n\t\t}\r\n\t\t#dae-shortcode1471-download-wrapper .dae-shortcode-register-icon {\r\n\t\t\theight: calc(45px + 4px) !important;\r\n\t\t\tfont-size: 15px !important;\r\n\t\t\tfont-family: Arial, Helvetica, sans-serif !important;\r\n\t\t\tpadding: 15px !important;\r\n\t\t\tcolor: #ffffff !important;\r\n\t\t\tbackground: #f2b608 !important;\r\n\t\t\tborder-radius: 10px 0 0 10px !important;\r\n\t\t\t-moz-border-radius: 10px 0 0 10px !important;\r\n\t\t\t-webkit-border-radius: 10px 0 0 10px !important;\r\n\t\t}\r\n\t\t#dae-shortcode1471-download-wrapper .dae-shortcode-register-field {\r\n\t\t\theight: calc(45px + 4px) !important;\r\n\t\t\tfont-size: 15px !important;\r\n\t\t\tfont-family: Arial, Helvetica, sans-serif !important;\r\n\t\t\tpadding: 15px !important;\r\n\t\t\tcolor: #444444 !important;\r\n\t\t\tbackground: #f9f9f9 !important;\r\n\t\t\tborder-radius: 0 10px 10px 0 !important;\r\n\t\t\t-moz-border-radius: 0 10px 10px 0 !important;\r\n\t\t\t-webkit-border-radius: 0 10px 10px 0 !important;\r\n\t\t}\r\n\t\t#dae-shortcode1471-download-wrapper .dae-shortcode-register-select-icon {\r\n\t\t\ttop: calc(50% - 7.5px) !important;\r\n\t\t\tright: 15px !important;\r\n\t\t\tfont-size: 15px !important;\r\n\t\t\tfont-family: Arial, Helvetica, sans-serif !important;\r\n\t\t\tcolor: #444444 !important;\r\n\t\t}\r\n\t\t#dae-shortcode1471-download-wrapper .dae-shortcode-register-field::-webkit-input-placeholder,\r\n\t\t#dae-shortcode1471-download-wrapper .dae-shortcode-register-field::placeholder {\r\n\t\t\tcolor: #888888 !important;\r\n\t\t\tfont-family: Arial, Helvetica, sans-serif !important;\r\n\t\t}\r\n\t\t#dae-shortcode1471-download-wrapper .dae-shortcode-register-field::-ms-input-placeholder {\r\n\t\t\tcolor: #888888 !important;\r\n\t\t\tfont-family: Arial, Helvetica, sans-serif !important;\r\n\t\t}\r\n\t\t#dae-shortcode1471-download-wrapper .dae-shortcode-register-checkbox-text {\r\n\t\t\tcolor: #444444 !important;\r\n\t\t\tfont-size: 12px !important;\r\n\t\t\tfont-family: Arial, Helvetica, sans-serif !important;\r\n\t\t}\r\n\t\t#dae-shortcode1471-download-wrapper .dae-shortcode-register-checkbox-text a {\r\n\t\t\tcolor: #f2b608 !important;\r\n\t\t}\r\n\t\t#dae-shortcode1471-download-wrapper .dae-shortcode-register-checkbox-text a:hover {\r\n\t\t\tcolor: #f2b608 !important;\r\n\t\t}\r\n\t\t#dae-shortcode1471-download-wrapper .dae-shortcode-register-submit {\r\n\t\t\tcolor: #ffffff !important;\r\n\t\t\tfont-size: 18px !important;\r\n\t\t\tfont-family: Arial, Helvetica, sans-serif !important;\r\n\t\t\tpadding: 18px !important;\r\n\t\t\tbackground: #f2b608 !important;\r\n\t\t\tborder-radius: 10px !important;\r\n\t\t\t-moz-border-radius: 10px !important;\r\n\t\t\t-webkit-border-radius: 10px !important;\r\n\t\t}\r\n\t\t#dae-shortcode1471-download-wrapper .dae-shortcode-register-submit:hover {\r\n\t\t\tcolor: #ffffff !important;\r\n\t\t\tbackground: #f2b608 !important;\r\n\t\t\tfont-size: 18px !important;\r\n\t\t\tfont-family: Arial, Helvetica, sans-serif !important;\r\n\t\t\tpadding: 18px !important;\r\n\t\t\tborder-radius: 10px !important;\r\n\t\t\t-moz-border-radius: 10px !important;\r\n\t\t\t-webkit-border-radius: 10px !important;\r\n\t\t}\r\n\t\t#dae-shortcode1471-download-wrapper .dae-shortcode-register-loading {\r\n\t\t\tcolor: #f2b608 !important;\r\n\t\t}\r\n\t\t#dae-shortcode1471-download-wrapper .dae-shortcode-register-message {\r\n\t\t\tfont-size: 16px !important;\r\n\t\t\tfont-family: Arial, Helvetica, sans-serif !important;\r\n\t\t}\r\n\t\t#dae-shortcode1471-download-wrapper .dae-shortcode-register-error {\r\n\t\t\tcolor: #dd1111 !important;\r\n\t\t}\r\n\t\t#dae-shortcode1471-download-wrapper .dae-shortcode-register-success {\r\n\t\t\tcolor: #f2b608 !important;\r\n\t\t}\r\n\t\t#dae-shortcode1471-download-wrapper .dae-shortcode-register-category-interests h4,\r\n\t\t#dae-shortcode1471-download-wrapper .dae-shortcode-register-input-wrap-interest label {\r\n\t\t\tfont-family: Arial, Helvetica, sans-serif !important;\r\n\t\t}\r\n\t\t#dae-shortcode1471-download-wrapper {\r\n\t\t\talign-items: center !important;\r\n\t\t\t-webkit-align-items: center !important;\r\n\t\t\tjustify-content: flex-start !important;\r\n\t\t\t-webkit-justify-content: flex-start !important;\r\n\t\t\t-moz-justify-content: fle-start !important;\r\n\t\t}\r\n\t\t#dae-shortcode1471-download-wrapper .dae-shortcode-download-content-wrapper,\r\n\t\t#dae-shortcode1471-download-wrapper .dae-shortcode-download-title,\r\n\t\t#dae-shortcode1471-download-wrapper .dae-shortcode-download-text,\r\n\t\t#dae-shortcode1471-download-wrapper .dae-shortcode-register-wrapper p,\r\n\t\t#dae-shortcode1471-download-wrapper .dae-shortcode-register-category-interests-wrap {\r\n\t\t\ttext-align: center !important;\r\n\t\t}\r\n\t\t#dae-shortcode1471-download-wrapper .dae-shortcode-register-field-wrap {\r\n\t\t\tjustify-content: center !important;\r\n\t\t\t-webkit-justify-content: center !important;\r\n\t\t\t-moz-justify-content: center !important;\r\n\t\t}\r\n\t\t#dae-shortcode1471-download-wrapper .dae-shortcode-register-label,\r\n\t\t#dae-shortcode1471-download-wrapper .dae-shortcode-register-message,\r\n\t\t#dae-shortcode1471-download-wrapper .dae-shortcode-register-category-interests-wrap {\r\n\t\t\tmargin: 20px auto !important;\r\n\t\t}\r\n\t\t#dae-shortcode1471-download-wrapper.dae-shortcode-download-wrapper-wide {\r\n\t\t\talign-items: center !important;\r\n\t\t\t-webkit-align-items: center !important;\r\n\t\t\tjustify-content: center !important;\r\n\t\t\t-webkit-justify-content: center !important;\r\n\t\t\t-moz-justify-content: center !important;\r\n\t\t}\r\n\t\t#dae-shortcode1471-download-wrapper.dae-shortcode-download-wrapper-wide .dae-shortcode-download-content-wrapper,\r\n\t\t#dae-shortcode1471-download-wrapper.dae-shortcode-download-wrapper-wide .dae-shortcode-download-title,\r\n\t\t#dae-shortcode1471-download-wrapper.dae-shortcode-download-wrapper-wide .dae-shortcode-download-text,\r\n\t\t#dae-shortcode1471-download-wrapper.dae-shortcode-download-wrapper-wide .dae-shortcode-register-wrapper p,\r\n\t\t#dae-shortcode1471-download-wrapper.dae-shortcode-download-wrapper-wide .dae-shortcode-register-category-interests-wrap {\r\n\t\t\ttext-align: center !important;\r\n\t\t}\r\n\t\t#dae-shortcode1471-download-wrapper.dae-shortcode-download-wrapper-wide .dae-shortcode-register-field-wrap {\r\n\t\t\tjustify-content: center !important;\r\n\t\t\t-webkit-justify-content: center !important;\r\n\t\t\t-moz-justify-content: center !important;\r\n\t\t}\r\n\t\t#dae-shortcode1471-download-wrapper.dae-shortcode-download-wrapper-wide .dae-shortcode-register-label,\r\n\t\t#dae-shortcode1471-download-wrapper.dae-shortcode-download-wrapper-wide .dae-shortcode-register-message,\r\n\t\t#dae-shortcode1471-download-wrapper.dae-shortcode-download-wrapper-wide .dae-shortcode-register-category-interests-wrap {\r\n\t\t\tmargin: 20px auto !important;\r\n\t\t}\r\n\t<\/style>\r\n\t\t<div id=\"dae-shortcode1471-download-wrapper\" class=\"dae-shortcode-download-wrapper\">\r\n\t\t\t<img fetchpriority=\"high\" decoding=\"async\" class=\"dae-shortcode-download-file-image\" src=\"https:\/\/thedungeon.ro\/wp-content\/uploads\/2026\/04\/Reteta-Paste-insta-768x1024.jpg\" width=\"640\" height=\"853\" alt=\"\" title=\"\">\r\n\t\t\t<div class=\"dae-shortcode-download-content-wrapper\">\r\n\t\t\t\t\r\n\t\t\t\t\r\n\t\t\t\t<div class=\"dae-shortcode-download-button\">\r\n\t\t\t\t\t<span class=\"dae-shortcode-download-button-icon\"><i class=\"fas fa-download\"><\/i><\/span>\r\n\t\t\t\t\t<span class=\"dae-shortcode-download-button-text\">I want it!<\/span>\r\n\t\t\t\t<\/div>\r\n\t\t\t\t<div class=\"dae-shortcode-register-wrapper\">\r\n\t\t\t\t\t<p class=\"dae-shortcode-register-label\">Send link to:<\/p>\r\n\t\t\t\t\t<form class=\"dae-shortcode-register-form\" method=\"post\" novalidate=\"novalidate\" action=\"\">\r\n\t\t\t\t\t\t<input type=\"hidden\" name=\"file\" value=\"Paste-Reteta-de-bombite-de-ciocolata.pdf\" \/>\r\n\t\t\t\t\t\t<div class=\"dae-shortcode-register-field-wrap\"><div class=\"dae-shortcode-register-icon\"><i class=\"fas fa-envelope\"><\/i><\/div><div class=\"dae-shortcode-register-input-wrap\"><input class=\"dae-shortcode-register-field\" type=\"email\" name=\"email\" placeholder=\"E-mail\" autocomplete=\"off\" \/><\/div><\/div>\r\n\t\t\t\t\t\t\r\n\t\t\t\t\t\t\r\n\t\t\t<p>\r\n\t\t\t\t<input class=\"dae-shortcode-register-checkbox\" type=\"checkbox\" name=\"optional_checkbox\" value=\"Aboneaza-te la newsletter-ul nostru pentru a afla noutati despre escape room si alte evenimente.\" \/>\r\n\t\t\t\t<span class=\"dae-shortcode-register-checkbox-text\">Aboneaza-te la newsletter-ul nostru pentru a afla noutati despre escape room si alte evenimente.<\/span>\r\n\t\t\t<\/p>\r\n\t\t\r\n\t\t\t\t\t\t<p>\r\n\t\t\t\t\t\t\t<input class=\"dae-shortcode-register-submit\" type=\"submit\" value=\"send\" \/>\r\n\t\t\t\t\t\t<\/p>\r\n\t\t\t\t\t\t<p class=\"dae-shortcode-register-loading\">\r\n\t\t\t\t\t\t\t<i class=\"fas fa-spinner fa-spin\"><\/i>\r\n\t\t\t\t\t\t<\/p>\r\n\t\t\t\t\t<input type=\"hidden\" name=\"trp-form-language\" value=\"en\"\/><\/form>\r\n\t\t\t\t\t<p class=\"dae-shortcode-register-message\"><\/p>\r\n\t\t\t\t<\/div>\r\n\t\t\t<\/div>\r\n\t\t<\/div>\r\n\t<\/p>\n<!-- \/wp:paragraph -->\t\t\t\t\t\t<\/div>\n\t\t\t\t<\/div>\n\t\t\t\t\t<\/div>\n\t\t<\/div>\n\t\t\t\t\t<\/div>\n\t\t<\/section>\n\t\t\t\t<\/div>","protected":false},"excerpt":{"rendered":"<p>\u0218tim c\u0103 adori jocurile noastre de escape room \u0219i c\u0103 \u00ee\u021bi plac puzzle-urile. De asta, vrem s\u0103 \u00ee\u021bi oferim un cadou de s\u0103rb\u0103tori. Jocul nostru, \u201dCandy Shop\u201d ne-a inspirat s\u0103 cre\u0103m o re\u021bet\u0103 delicioas\u0103 pentru adul\u021bi, familii sau pentru copilul din tine. Fiindc\u0103 ne plac dulciurile \u0219i puzzle-urile, am creat o re\u021bet\u0103 de \u201dBombi\u021be de [&hellip;]<\/p>\n","protected":false},"author":1,"featured_media":0,"parent":1417,"menu_order":0,"comment_status":"closed","ping_status":"closed","template":"","meta":{"footnotes":""},"acf":[],"_links":{"self":[{"href":"https:\/\/thedungeon.ro\/en\/wp-json\/wp\/v2\/pages\/1474"}],"collection":[{"href":"https:\/\/thedungeon.ro\/en\/wp-json\/wp\/v2\/pages"}],"about":[{"href":"https:\/\/thedungeon.ro\/en\/wp-json\/wp\/v2\/types\/page"}],"author":[{"embeddable":true,"href":"https:\/\/thedungeon.ro\/en\/wp-json\/wp\/v2\/users\/1"}],"replies":[{"embeddable":true,"href":"https:\/\/thedungeon.ro\/en\/wp-json\/wp\/v2\/comments?post=1474"}],"version-history":[{"count":23,"href":"https:\/\/thedungeon.ro\/en\/wp-json\/wp\/v2\/pages\/1474\/revisions"}],"predecessor-version":[{"id":8955,"href":"https:\/\/thedungeon.ro\/en\/wp-json\/wp\/v2\/pages\/1474\/revisions\/8955"}],"up":[{"embeddable":true,"href":"https:\/\/thedungeon.ro\/en\/wp-json\/wp\/v2\/pages\/1417"}],"wp:attachment":[{"href":"https:\/\/thedungeon.ro\/en\/wp-json\/wp\/v2\/media?parent=1474"}],"curies":[{"name":"wp","href":"https:\/\/api.w.org\/{rel}","templated":true}]}}