{"id":1726,"date":"2020-12-21T13:15:57","date_gmt":"2020-12-21T11:15:57","guid":{"rendered":"https:\/\/thedungeon.ro\/?page_id=1726"},"modified":"2023-11-13T11:59:31","modified_gmt":"2023-11-13T09:59:31","slug":"rezolvare","status":"publish","type":"page","link":"https:\/\/thedungeon.ro\/en\/rezolvare\/","title":{"rendered":"Rezolvare"},"content":{"rendered":"\t\t<div data-elementor-type=\"wp-page\" data-elementor-id=\"1726\" class=\"elementor elementor-1726\">\n\t\t\t\t\t\t<section class=\"elementor-section elementor-top-section elementor-element elementor-element-47ee3c3f elementor-section-boxed elementor-section-height-default elementor-section-height-default\" data-id=\"47ee3c3f\" data-element_type=\"section\">\n\t\t\t\t\t\t<div class=\"elementor-container elementor-column-gap-default\">\n\t\t\t\t\t<div class=\"elementor-column elementor-col-100 elementor-top-column elementor-element elementor-element-3f107632\" data-id=\"3f107632\" data-element_type=\"column\">\n\t\t\t<div class=\"elementor-widget-wrap elementor-element-populated\">\n\t\t\t\t\t\t<div class=\"elementor-element elementor-element-689321e6 elementor-widget elementor-widget-text-editor\" data-id=\"689321e6\" data-element_type=\"widget\" data-widget_type=\"text-editor.default\">\n\t\t\t\t<div class=\"elementor-widget-container\">\n\t\t\t<style>\/*! elementor - v3.20.0 - 26-03-2024 *\/\n.elementor-widget-text-editor.elementor-drop-cap-view-stacked .elementor-drop-cap{background-color:#69727d;color:#fff}.elementor-widget-text-editor.elementor-drop-cap-view-framed .elementor-drop-cap{color:#69727d;border:3px solid;background-color:transparent}.elementor-widget-text-editor:not(.elementor-drop-cap-view-default) .elementor-drop-cap{margin-top:8px}.elementor-widget-text-editor:not(.elementor-drop-cap-view-default) .elementor-drop-cap-letter{width:1em;height:1em}.elementor-widget-text-editor .elementor-drop-cap{float:left;text-align:center;line-height:1;font-size:50px}.elementor-widget-text-editor .elementor-drop-cap-letter{display:inline-block}<\/style>\t\t\t\t<!-- wp:paragraph -->\n<p>Ziua 1<\/p>\n<!-- \/wp:paragraph -->\n\n<!-- wp:paragraph -->\n<p>Priveste in oglind\u0103<\/p>\n<!-- \/wp:paragraph -->\n\n<!-- wp:paragraph -->\n<p>Ziua 2<\/p>\n<!-- \/wp:paragraph -->\n\n<!-- wp:paragraph -->\n<p>Cifrele s-ar putea s\u0103 fie litere.<\/p>\n<!-- \/wp:paragraph -->\n\n<!-- wp:paragraph -->\n<p>Ziua 3<\/p>\n<!-- \/wp:paragraph -->\n\n<!-- wp:paragraph -->\n<p>Parcurge labirintul \u00eencep\u00e2nd cu intrarea de sus. Vei g\u0103si un cuv\u00e2nt pe traseu.<\/p>\n<!-- \/wp:paragraph -->\n\n<!-- wp:paragraph -->\n<p>Ziua 4<\/p>\n<!-- \/wp:paragraph -->\n\n<!-- wp:paragraph -->\n<p>AVE _ _ _ _ _ _! E un mod de criptare care permuteaz\u0103 literele din alfabet. De ex. Z=A. In aceste caz, permutarea e de ordinul AVE.<\/p>\n<!-- \/wp:paragraph -->\n\n<!-- wp:paragraph -->\n<p>Ziua 5<\/p>\n<!-- \/wp:paragraph -->\n\n<!-- wp:paragraph -->\n<p>Care e pozitia literelor in alfabet?<\/p>\n<!-- \/wp:paragraph -->\n\n<!-- wp:paragraph -->\n<p>Ziua 6<\/p>\n<!-- \/wp:paragraph -->\n\n<!-- wp:paragraph -->\n<p>Vers-cuv\u00e2nt-liter\u0103<\/p>\n<!-- \/wp:paragraph -->\n\n<!-- wp:paragraph -->\n<p>Ziua 7<\/p>\n<!-- \/wp:paragraph -->\n\n<!-- wp:paragraph -->\n<p>Ce r\u0103m\u00e2ne dup\u0103 ce ai g\u0103sit renii mo\u0219ului?<\/p>\n<!-- \/wp:paragraph -->\n\n<!-- wp:paragraph -->\n<p>Ziua 8<\/p>\n<!-- \/wp:paragraph -->\n\n<!-- wp:paragraph -->\n<p>Poate ar trebui s\u0103 prive\u0219ti foaia prin ochii unui copil <\/p>\n<!-- \/wp:paragraph -->\n\n<!-- wp:paragraph -->\n<p>Ziua 9<\/p>\n<!-- \/wp:paragraph -->\n\n<!-- wp:paragraph -->\n<p>Niste litere se ascund \u00een imagine. Ce form\u0103 are oala?<\/p>\n<!-- \/wp:paragraph -->\n\n<!-- wp:paragraph -->\n<p>Ziua 10<\/p>\n<!-- \/wp:paragraph -->\n\n<!-- wp:paragraph -->\n<p>Pune piesele cap la cap, p\u00e2n\u0103 vei ob\u021bine un cuv\u00e2nt.<\/p>\n<!-- \/wp:paragraph -->\n\n<!-- wp:paragraph -->\n<p>Ziua 11<\/p>\n<!-- \/wp:paragraph -->\n\n<!-- wp:paragraph -->\n<p>Conecteaz\u0103 punctele. Vei ob\u021bine 3 cuvinte.<\/p>\n<!-- \/wp:paragraph -->\n\n<!-- wp:paragraph -->\n<p>Ziua 12<\/p>\n<!-- \/wp:paragraph -->\n\n<!-- wp:paragraph -->\n<p>Dac\u0103 mesajul e prea rapid, folose\u0219te butonul de pauz\u0103.<\/p>\n<!-- \/wp:paragraph -->\n\n<!-- wp:paragraph -->\n<p>Ziua 13<\/p>\n<!-- \/wp:paragraph -->\n\n<!-- wp:paragraph -->\n<p>Deschide Google Maps \u0219i recreeaz\u0103 itinerariul Mo\u0219ului.<\/p>\n<!-- \/wp:paragraph -->\n\n<!-- wp:paragraph -->\n<p>Ziua 14<\/p>\n<!-- \/wp:paragraph -->\n\n<!-- wp:paragraph -->\n<p>\u021aine foaia la c\u0103ldur\u0103, dar nu o arde. Ar trebui s\u0103 \u00ee\u0219i modifice doar culoarea.<\/p>\n<!-- \/wp:paragraph -->\n\n<!-- wp:paragraph -->\n<p>Ziua 15.<\/p>\n<!-- \/wp:paragraph -->\n\n<!-- wp:paragraph -->\n<p>Suprapune buc\u0103\u021bica de plastic ro\u0219u peste p\u0103tratul colorat.<\/p>\n<!-- \/wp:paragraph -->\n\n<!-- wp:paragraph -->\n<p>Ziua 16<\/p>\n<!-- \/wp:paragraph -->\n\n<!-- wp:paragraph -->\n<p>Ce litere indic\u0103 acele ceasornicului?<\/p>\n<!-- \/wp:paragraph -->\n\n<!-- wp:paragraph -->\n<p>Ziua 17<\/p>\n<!-- \/wp:paragraph -->\n\n<!-- wp:paragraph -->\n<p>F\u0103 un tabel cu numele elfilor \u0219i caracteristicile din povestire (numarul casei, nume, pulover, ren favorit, activitate, mancare). Completeaz\u0103 tabelul urm\u0103rind cu aten\u021bie povestirea.<\/p>\n<!-- \/wp:paragraph -->\n\n<!-- wp:paragraph -->\n<p>Ziua 18<\/p>\n<!-- \/wp:paragraph -->\n\n<!-- wp:paragraph -->\n<p>Pu\u021bin\u0103 matematic\u0103 nu stric\u0103! F\u0103 opera\u021biile \u0219i vei g\u0103si codul seifului.<\/p>\n<!-- \/wp:paragraph -->\n\n<!-- wp:paragraph -->\n<p>Ziua 19<\/p>\n<!-- \/wp:paragraph -->\n\n<!-- wp:paragraph -->\n<p>R\u0103spunsul nu e legat de culori, ci de forma obiectelor. C\u00e2te laturi ar trebui s\u0103 aib\u0103 obiectul urm\u0103tor?<\/p>\n<!-- \/wp:paragraph -->\n\n<!-- wp:paragraph -->\n<p>Ziua 20<\/p>\n<!-- \/wp:paragraph -->\n\n<!-- wp:paragraph -->\n<p>Cifrele\/pre\u021burile \u00ee\u021bi indic\u0103 pozi\u021bia literelor.<\/p>\n<!-- \/wp:paragraph -->\n\n<!-- wp:paragraph -->\n<p>Ziua 21<\/p>\n<!-- \/wp:paragraph -->\n\n<!-- wp:paragraph -->\n<p>Care dintre elfi prezint\u0103 semne de alergie?<\/p>\n<!-- \/wp:paragraph -->\n\n<!-- wp:paragraph -->\n<p>Ziua 22<\/p>\n<!-- \/wp:paragraph -->\n\n<!-- wp:paragraph -->\n<p>Preseaz\u0103 foile suprapuse pe geam sau \u00eempotriva unei surse de lumin\u0103.<\/p>\n<!-- \/wp:paragraph -->\n\n<!-- wp:paragraph -->\n<p>Ziua 23<\/p>\n<!-- \/wp:paragraph -->\n\n<!-- wp:paragraph -->\n<p>Sper c\u0103 nu ai m\u00e2ncat acadeaua :)) \u00cenf\u0103\u0219oar\u0103 f\u0103\u0219ia de h\u00e2rtie \u00een jurul acadelei<\/p>\n<!-- \/wp:paragraph -->\n\n<!-- wp:paragraph -->\n<p>Ziua 24<\/p>\n<!-- \/wp:paragraph -->\n\n<!-- wp:paragraph -->\n<p>Care e ordinea opera\u021biilor?<\/p>\n<!-- \/wp:paragraph -->\t\t\t\t\t\t<\/div>\n\t\t\t\t<\/div>\n\t\t\t\t\t<\/div>\n\t\t<\/div>\n\t\t\t\t\t<\/div>\n\t\t<\/section>\n\t\t\t\t<section class=\"elementor-section elementor-top-section elementor-element elementor-element-44b44e8 elementor-section-boxed elementor-section-height-default elementor-section-height-default\" data-id=\"44b44e8\" data-element_type=\"section\">\n\t\t\t\t\t\t<div class=\"elementor-container elementor-column-gap-default\">\n\t\t\t\t\t<div class=\"elementor-column elementor-col-100 elementor-top-column elementor-element elementor-element-d1267f5\" data-id=\"d1267f5\" data-element_type=\"column\">\n\t\t\t<div class=\"elementor-widget-wrap elementor-element-populated\">\n\t\t\t\t\t\t<div class=\"elementor-element elementor-element-49794c5 elementor-widget elementor-widget-heading\" data-id=\"49794c5\" data-element_type=\"widget\" data-widget_type=\"heading.default\">\n\t\t\t\t<div class=\"elementor-widget-container\">\n\t\t\t<style>\/*! elementor - v3.20.0 - 26-03-2024 *\/\n.elementor-heading-title{padding:0;margin:0;line-height:1}.elementor-widget-heading .elementor-heading-title[class*=elementor-size-]>a{color:inherit;font-size:inherit;line-height:inherit}.elementor-widget-heading .elementor-heading-title.elementor-size-small{font-size:15px}.elementor-widget-heading .elementor-heading-title.elementor-size-medium{font-size:19px}.elementor-widget-heading .elementor-heading-title.elementor-size-large{font-size:29px}.elementor-widget-heading .elementor-heading-title.elementor-size-xl{font-size:39px}.elementor-widget-heading .elementor-heading-title.elementor-size-xxl{font-size:59px}<\/style><h2 class=\"elementor-heading-title elementor-size-default\">Chiar vrei s\u0103 afli \u0219i r\u0103spunsurile?<\/h2>\t\t<\/div>\n\t\t\t\t<\/div>\n\t\t\t\t\t<\/div>\n\t\t<\/div>\n\t\t\t\t\t<\/div>\n\t\t<\/section>\n\t\t\t\t<section class=\"elementor-section elementor-top-section elementor-element elementor-element-ac1c22f elementor-section-boxed elementor-section-height-default elementor-section-height-default\" data-id=\"ac1c22f\" data-element_type=\"section\">\n\t\t\t\t\t\t<div class=\"elementor-container elementor-column-gap-default\">\n\t\t\t\t\t<div class=\"elementor-column elementor-col-100 elementor-top-column elementor-element elementor-element-8f386b6\" data-id=\"8f386b6\" data-element_type=\"column\">\n\t\t\t<div class=\"elementor-widget-wrap elementor-element-populated\">\n\t\t\t\t\t\t<div class=\"elementor-element elementor-element-63825f4 elementor-align-center elementor-widget elementor-widget-esc-button\" data-id=\"63825f4\" data-element_type=\"widget\" data-widget_type=\"esc-button.default\">\n\t\t\t\t<div class=\"elementor-widget-container\">\n\t\t\t\n\t\t<a href=\"https:\/\/thedungeon.ro\/raspunsuri\/\" class=\"btn  btn-primary\" href=\"https:\/\/thedungeon.ro\/raspunsuri\/\" target=\"_blank\" rel=\"nofollow\"href=\"https:\/\/thedungeon.ro\/raspunsuri\/\" target=\"_blank\" rel=\"nofollow\">\n\t\t\t\t\t\tArat\u0103-mi r\u0103spunsurile\t\t<\/a>\n\n\t\t\t\t<\/div>\n\t\t\t\t<\/div>\n\t\t\t\t\t<\/div>\n\t\t<\/div>\n\t\t\t\t\t<\/div>\n\t\t<\/section>\n\t\t\t\t<\/div>\n\t\t","protected":false},"excerpt":{"rendered":"<p>Ziua 1 Priveste in oglind\u0103 Ziua 2 Cifrele s-ar putea s\u0103 fie litere. Ziua 3 Parcurge labirintul \u00eencep\u00e2nd cu intrarea de sus. Vei g\u0103si un cuv\u00e2nt pe traseu. Ziua 4 AVE _ _ _ _ _ _! E un mod de criptare care permuteaz\u0103 literele din alfabet. De ex. Z=A. In aceste caz, permutarea e [&hellip;]<\/p>\n","protected":false},"author":1,"featured_media":0,"parent":0,"menu_order":0,"comment_status":"closed","ping_status":"closed","template":"","meta":{"footnotes":""},"acf":[],"_links":{"self":[{"href":"https:\/\/thedungeon.ro\/en\/wp-json\/wp\/v2\/pages\/1726"}],"collection":[{"href":"https:\/\/thedungeon.ro\/en\/wp-json\/wp\/v2\/pages"}],"about":[{"href":"https:\/\/thedungeon.ro\/en\/wp-json\/wp\/v2\/types\/page"}],"author":[{"embeddable":true,"href":"https:\/\/thedungeon.ro\/en\/wp-json\/wp\/v2\/users\/1"}],"replies":[{"embeddable":true,"href":"https:\/\/thedungeon.ro\/en\/wp-json\/wp\/v2\/comments?post=1726"}],"version-history":[{"count":8,"href":"https:\/\/thedungeon.ro\/en\/wp-json\/wp\/v2\/pages\/1726\/revisions"}],"predecessor-version":[{"id":5692,"href":"https:\/\/thedungeon.ro\/en\/wp-json\/wp\/v2\/pages\/1726\/revisions\/5692"}],"wp:attachment":[{"href":"https:\/\/thedungeon.ro\/en\/wp-json\/wp\/v2\/media?parent=1726"}],"curies":[{"name":"wp","href":"https:\/\/api.w.org\/{rel}","templated":true}]}}