{"id":272,"date":"2018-10-11T14:08:08","date_gmt":"2018-10-11T14:08:08","guid":{"rendered":"https:\/\/escapium-wp.dan-fisher.com\/?page_id=272"},"modified":"2026-01-04T23:10:29","modified_gmt":"2026-01-04T21:10:29","slug":"jocuri-de-evadare","status":"publish","type":"page","link":"https:\/\/thedungeon.ro\/en\/jocuri-de-evadare\/","title":{"rendered":"Live escape games"},"content":{"rendered":"\t\t<div data-elementor-type=\"wp-post\" data-elementor-id=\"272\" class=\"elementor elementor-272\">\n\t\t\t\t\t\t<section class=\"elementor-section elementor-top-section elementor-element elementor-element-8c55a6a elementor-section-boxed elementor-section-height-default elementor-section-height-default\" data-id=\"8c55a6a\" data-element_type=\"section\">\n\t\t\t\t\t\t<div class=\"elementor-container elementor-column-gap-default\">\n\t\t\t\t\t<div class=\"elementor-column elementor-col-100 elementor-top-column elementor-element elementor-element-dfa7644\" data-id=\"dfa7644\" data-element_type=\"column\">\n\t\t\t<div class=\"elementor-widget-wrap elementor-element-populated\">\n\t\t\t\t\t\t<div class=\"elementor-element elementor-element-ba81e56 elementor-widget elementor-widget-heading\" data-id=\"ba81e56\" data-element_type=\"widget\" data-widget_type=\"heading.default\">\n\t\t\t\t<div class=\"elementor-widget-container\">\n\t\t\t<style>\/*! elementor - v3.20.0 - 26-03-2024 *\/\n.elementor-heading-title{padding:0;margin:0;line-height:1}.elementor-widget-heading .elementor-heading-title[class*=elementor-size-]>a{color:inherit;font-size:inherit;line-height:inherit}.elementor-widget-heading .elementor-heading-title.elementor-size-small{font-size:15px}.elementor-widget-heading .elementor-heading-title.elementor-size-medium{font-size:19px}.elementor-widget-heading .elementor-heading-title.elementor-size-large{font-size:29px}.elementor-widget-heading .elementor-heading-title.elementor-size-xl{font-size:39px}.elementor-widget-heading .elementor-heading-title.elementor-size-xxl{font-size:59px}<\/style><h2 class=\"elementor-heading-title elementor-size-default\">Jocuri de evadare live<\/h2>\t\t<\/div>\n\t\t\t\t<\/div>\n\t\t\t\t\t<\/div>\n\t\t<\/div>\n\t\t\t\t\t<\/div>\n\t\t<\/section>\n\t\t\t\t<section class=\"elementor-section elementor-top-section elementor-element elementor-element-84e3429 elementor-section-boxed elementor-section-height-default elementor-section-height-default\" data-id=\"84e3429\" data-element_type=\"section\">\n\t\t\t\t\t\t<div class=\"elementor-container elementor-column-gap-default\">\n\t\t\t\t\t<div class=\"elementor-column elementor-col-100 elementor-top-column elementor-element elementor-element-61dad8c\" data-id=\"61dad8c\" data-element_type=\"column\">\n\t\t\t<div class=\"elementor-widget-wrap elementor-element-populated\">\n\t\t\t\t\t\t<div class=\"elementor-element elementor-element-1659701 elementor-view-default elementor-widget elementor-widget-icon\" data-id=\"1659701\" data-element_type=\"widget\" data-widget_type=\"icon.default\">\n\t\t\t\t<div class=\"elementor-widget-container\">\n\t\t\t\t\t<div class=\"elementor-icon-wrapper\">\n\t\t\t<div class=\"elementor-icon\">\n\t\t\t<i aria-hidden=\"true\" class=\"fas fa-search\"><\/i>\t\t\t<\/div>\n\t\t<\/div>\n\t\t\t\t<\/div>\n\t\t\t\t<\/div>\n\t\t\t\t<div class=\"elementor-element elementor-element-970c852 elementor-widget elementor-widget-text-editor\" data-id=\"970c852\" data-element_type=\"widget\" data-widget_type=\"text-editor.default\">\n\t\t\t\t<div class=\"elementor-widget-container\">\n\t\t\t<style>\/*! elementor - v3.20.0 - 26-03-2024 *\/\n.elementor-widget-text-editor.elementor-drop-cap-view-stacked .elementor-drop-cap{background-color:#69727d;color:#fff}.elementor-widget-text-editor.elementor-drop-cap-view-framed .elementor-drop-cap{color:#69727d;border:3px solid;background-color:transparent}.elementor-widget-text-editor:not(.elementor-drop-cap-view-default) .elementor-drop-cap{margin-top:8px}.elementor-widget-text-editor:not(.elementor-drop-cap-view-default) .elementor-drop-cap-letter{width:1em;height:1em}.elementor-widget-text-editor .elementor-drop-cap{float:left;text-align:center;line-height:1;font-size:50px}.elementor-widget-text-editor .elementor-drop-cap-letter{display:inline-block}<\/style>\t\t\t\t<p>De multe ori facem pe detectivii f\u0103r\u0103 ca m\u0103car s\u0103 ne d\u0103m seama. E un instinct ad\u00e2nc \u00eenr\u0103d\u0103cinat \u00een fiecare.<br \/>Dar ce-ai spune dac\u0103 \u021bi-am propune s\u0103 vezi cum se descurc\u0103 detectivul din tine \u00eentr-o situa\u021bie limit\u0103? Una \u00een care s\u0103 te \u0219i distrezi din plin?<br \/>Pentru detectivul din tine am creat jocul de escape room Crime Scene.<\/p>\t\t\t\t\t\t<\/div>\n\t\t\t\t<\/div>\n\t\t\t\t\t<\/div>\n\t\t<\/div>\n\t\t\t\t\t<\/div>\n\t\t<\/section>\n\t\t\t\t<section class=\"elementor-section elementor-top-section elementor-element elementor-element-96adbd6 elementor-section-boxed elementor-section-height-default elementor-section-height-default\" data-id=\"96adbd6\" data-element_type=\"section\">\n\t\t\t\t\t\t<div class=\"elementor-container elementor-column-gap-default\">\n\t\t\t\t\t<div class=\"elementor-column elementor-col-100 elementor-top-column elementor-element elementor-element-928c83f\" data-id=\"928c83f\" data-element_type=\"column\">\n\t\t\t<div class=\"elementor-widget-wrap elementor-element-populated\">\n\t\t\t\t\t\t<div class=\"elementor-element elementor-element-a905a19 elementor-view-default elementor-widget elementor-widget-icon\" data-id=\"a905a19\" data-element_type=\"widget\" data-widget_type=\"icon.default\">\n\t\t\t\t<div class=\"elementor-widget-container\">\n\t\t\t\t\t<div class=\"elementor-icon-wrapper\">\n\t\t\t<div class=\"elementor-icon\">\n\t\t\t<i aria-hidden=\"true\" class=\"fas fa-lightbulb\"><\/i>\t\t\t<\/div>\n\t\t<\/div>\n\t\t\t\t<\/div>\n\t\t\t\t<\/div>\n\t\t\t\t<div class=\"elementor-element elementor-element-0becd75 elementor-widget elementor-widget-text-editor\" data-id=\"0becd75\" data-element_type=\"widget\" data-widget_type=\"text-editor.default\">\n\t\t\t\t<div class=\"elementor-widget-container\">\n\t\t\t\t\t\t\t<p>C\u00e2teodat\u0103 vrem s\u0103 sc\u0103p\u0103m de inamici\u2026invizibili sau nu. Pentru asta e nevoie s\u0103 ne ascu\u021bim armele (mintea), s\u0103 ne antren\u0103m trupa (echipa) \u0219i s\u0103 ne rafin\u0103m tacticile de lupt\u0103. Facem asta la The Bunker, unde trebuie s\u0103 ape\u0219i butonul ro\u0219u. \u00cenainte s\u0103 nu fie prea t\u00e2rziu!<\/p>\t\t\t\t\t\t<\/div>\n\t\t\t\t<\/div>\n\t\t\t\t\t<\/div>\n\t\t<\/div>\n\t\t\t\t\t<\/div>\n\t\t<\/section>\n\t\t\t\t<section class=\"elementor-section elementor-top-section elementor-element elementor-element-7670510 elementor-section-boxed elementor-section-height-default elementor-section-height-default\" data-id=\"7670510\" data-element_type=\"section\">\n\t\t\t\t\t\t<div class=\"elementor-container elementor-column-gap-default\">\n\t\t\t\t\t<div class=\"elementor-column elementor-col-16 elementor-top-column elementor-element elementor-element-ba8d368\" data-id=\"ba8d368\" data-element_type=\"column\">\n\t\t\t<div class=\"elementor-widget-wrap\">\n\t\t\t\t\t\t\t<\/div>\n\t\t<\/div>\n\t\t\t\t<div class=\"elementor-column elementor-col-66 elementor-top-column elementor-element elementor-element-323fb0a\" data-id=\"323fb0a\" data-element_type=\"column\">\n\t\t\t<div class=\"elementor-widget-wrap elementor-element-populated\">\n\t\t\t\t\t\t<div class=\"elementor-element elementor-element-0ea3b85 elementor-widget elementor-widget-spacer\" data-id=\"0ea3b85\" data-element_type=\"widget\" data-widget_type=\"spacer.default\">\n\t\t\t\t<div class=\"elementor-widget-container\">\n\t\t\t<style>\/*! elementor - v3.20.0 - 26-03-2024 *\/\n.elementor-column .elementor-spacer-inner{height:var(--spacer-size)}.e-con{--container-widget-width:100%}.e-con-inner>.elementor-widget-spacer,.e-con>.elementor-widget-spacer{width:var(--container-widget-width,var(--spacer-size));--align-self:var(--container-widget-align-self,initial);--flex-shrink:0}.e-con-inner>.elementor-widget-spacer>.elementor-widget-container,.e-con>.elementor-widget-spacer>.elementor-widget-container{height:100%;width:100%}.e-con-inner>.elementor-widget-spacer>.elementor-widget-container>.elementor-spacer,.e-con>.elementor-widget-spacer>.elementor-widget-container>.elementor-spacer{height:100%}.e-con-inner>.elementor-widget-spacer>.elementor-widget-container>.elementor-spacer>.elementor-spacer-inner,.e-con>.elementor-widget-spacer>.elementor-widget-container>.elementor-spacer>.elementor-spacer-inner{height:var(--container-widget-height,var(--spacer-size))}.e-con-inner>.elementor-widget-spacer.elementor-widget-empty,.e-con>.elementor-widget-spacer.elementor-widget-empty{position:relative;min-height:22px;min-width:22px}.e-con-inner>.elementor-widget-spacer.elementor-widget-empty .elementor-widget-empty-icon,.e-con>.elementor-widget-spacer.elementor-widget-empty .elementor-widget-empty-icon{position:absolute;top:0;bottom:0;left:0;right:0;margin:auto;padding:0;width:22px;height:22px}<\/style>\t\t<div class=\"elementor-spacer\">\n\t\t\t<div class=\"elementor-spacer-inner\"><\/div>\n\t\t<\/div>\n\t\t\t\t<\/div>\n\t\t\t\t<\/div>\n\t\t\t\t<div class=\"elementor-element elementor-element-f80a6e0 elementor-widget elementor-widget-escapium-rooms\" data-id=\"f80a6e0\" data-element_type=\"widget\" data-widget_type=\"escapium-rooms.default\">\n\t\t\t\t<div class=\"elementor-widget-container\">\n\t\t\t\t\t\n\t\t<!-- Rooms List -->\n\t\t<div class=\"rooms rooms--list js-rooms\" data-is-hash=\"no-hash\" data-filter-all=\"all\">\n\t\t\n<article class=\"room room--category-joc-de-nivel-de-dificultate-ridicata\">\n\t<div class=\"room__body box\">\n\t\t<!-- Header -->\n\t\t<header class=\"room__header\">\n\n\t\t\t\n\t<!-- Rating -->\n\t<div class=\"room__complexity rating-icons\">\n\t\t<div class=\"rating-icons__placeholder\">\n\t\t\t<i class=\"ion-locked\"><\/i><i class=\"ion-locked\"><\/i><i class=\"ion-locked\"><\/i><i class=\"ion-locked\"><\/i><i class=\"ion-locked\"><\/i>\t\t<\/div>\n\t\t<div class=\"rating-icons__active\">\n\t\t\t<i class=\"ion-locked\"><\/i><i class=\"ion-locked\"><\/i><i class=\"ion-locked\"><\/i><i class=\"ion-locked\"><\/i>\t\t<\/div>\n\t<\/div>\n\t<!-- Rating \/ End -->\n\t\t\t\n\t\t\t<!-- Title -->\n\t\t\t<h2 class=\"room__title\"><a href=\"https:\/\/thedungeon.ro\/en\/rooms\/thebunker\/\">The Bunker<\/a><\/h2>\n\t\t\t<!-- Title \/ End -->\n\t\t\t\n\t\t\t\n<!-- Meta -->\n<div class=\"room__meta\">\n\n\t\t\t<div class=\"room__meta-item\">\n\t\t\t<i class=\"ion-person-stalker\"><\/i> 2-6\t\t<\/div>\n\t\n\t\t\t<div class=\"room__meta-item\">\n\t\t\t<i class=\"icon-clock\"><\/i> 60\t\t<\/div>\n\t\n\t\t\t<div class=\"room__meta-item\">\n\t\t\t<i class=\"ion-location\"><\/i> str. Observatorului, nr. 90\t\t<\/div>\n\t\n<\/div>\n<!-- Meta \/ End -->\n\n\t\t<\/header>\n\t\t<!-- Header \/ End -->\n\t\t<!-- Excerpt -->\n\t\t<div class=\"room__excerpt\">\n\t\t\tTu \u0219i prietenii t\u0103i activati \u00een ultima baz\u0103 NATO, r\u0103mas\u0103 \u00een calea inamicilor. Ace\u0219tia se aproprie iar resursele voastre... \t\t\t\n\t\t<\/div>\n\t\t<!-- Excerpt \/ End -->\n\t\t<!-- Read More -->\n\t\t<footer class=\"room__footer\">\n\t\t\t<a href=\"https:\/\/thedungeon.ro\/en\/rooms\/thebunker\/\" class=\"btn btn-primary\">Read More<\/a>\n\t\t<\/footer>\n\t\t<!-- Read More \/ End -->\n\t<\/div>\n\t<!-- Image -->\n\t<figure class=\"room__img\">\n\t\t<a href=\"https:\/\/thedungeon.ro\/en\/rooms\/thebunker\/\"><img fetchpriority=\"high\" decoding=\"async\" width=\"557\" height=\"400\" src=\"https:\/\/thedungeon.ro\/wp-content\/uploads\/2018\/09\/room-7-557x400.jpg\" class=\"attachment-escapium_thumbnail-rooms-list size-escapium_thumbnail-rooms-list\" alt=\"\" srcset=\"https:\/\/thedungeon.ro\/wp-content\/uploads\/2018\/09\/room-7-557x400.jpg 557w, https:\/\/thedungeon.ro\/wp-content\/uploads\/2018\/09\/room-7-600x431.jpg 600w, https:\/\/thedungeon.ro\/wp-content\/uploads\/2018\/09\/room-7-300x215.jpg 300w, https:\/\/thedungeon.ro\/wp-content\/uploads\/2018\/09\/room-7-768x551.jpg 768w, https:\/\/thedungeon.ro\/wp-content\/uploads\/2018\/09\/room-7.jpg 900w\" sizes=\"(max-width: 557px) 100vw, 557px\" title=\"\"><\/a>\n\t<\/figure>\n\t<!-- Image \/ End -->\n<\/article>\n\n<article class=\"room room--category-mediu\">\n\t<div class=\"room__body box\">\n\t\t<!-- Header -->\n\t\t<header class=\"room__header\">\n\n\t\t\t\n\t<!-- Rating -->\n\t<div class=\"room__complexity rating-icons\">\n\t\t<div class=\"rating-icons__placeholder\">\n\t\t\t<i class=\"ion-locked\"><\/i><i class=\"ion-locked\"><\/i><i class=\"ion-locked\"><\/i><i class=\"ion-locked\"><\/i><i class=\"ion-locked\"><\/i>\t\t<\/div>\n\t\t<div class=\"rating-icons__active\">\n\t\t\t<i class=\"ion-locked\"><\/i><i class=\"ion-locked\"><\/i><i class=\"ion-locked\"><\/i><i class=\"ion-locked\"><\/i>\t\t<\/div>\n\t<\/div>\n\t<!-- Rating \/ End -->\n\t\t\t\n\t\t\t<!-- Title -->\n\t\t\t<h2 class=\"room__title\"><a href=\"https:\/\/thedungeon.ro\/en\/rooms\/butcher\/\">The Butcher<\/a><\/h2>\n\t\t\t<!-- Title \/ End -->\n\t\t\t\n\t\t\t\n<!-- Meta -->\n<div class=\"room__meta\">\n\n\t\t\t<div class=\"room__meta-item\">\n\t\t\t<i class=\"ion-person-stalker\"><\/i> 2-6\t\t<\/div>\n\t\n\t\t\t<div class=\"room__meta-item\">\n\t\t\t<i class=\"icon-clock\"><\/i> 60\t\t<\/div>\n\t\n\t\t\t<div class=\"room__meta-item\">\n\t\t\t<i class=\"ion-location\"><\/i> str. Observatorului, nr. 90\t\t<\/div>\n\t\n<\/div>\n<!-- Meta \/ End -->\n\n\t\t<\/header>\n\t\t<!-- Header \/ End -->\n\t\t<!-- Excerpt -->\n\t\t<div class=\"room__excerpt\">\n\t\t\t\u00cen lumea crimei organizate, dou\u0103 grupuri mafiote rivale lupt\u0103 pentru controlul ora\u0219ului. Juc\u0103torii apar\u021bin unui grup formidabil, cunoscut pentru... \t\t\t\n\t\t<\/div>\n\t\t<!-- Excerpt \/ End -->\n\t\t<!-- Read More -->\n\t\t<footer class=\"room__footer\">\n\t\t\t<a href=\"https:\/\/thedungeon.ro\/en\/rooms\/butcher\/\" class=\"btn btn-primary\">Read More<\/a>\n\t\t<\/footer>\n\t\t<!-- Read More \/ End -->\n\t<\/div>\n\t<!-- Image -->\n\t<figure class=\"room__img\">\n\t\t<a href=\"https:\/\/thedungeon.ro\/en\/rooms\/butcher\/\"><img decoding=\"async\" width=\"557\" height=\"400\" src=\"https:\/\/thedungeon.ro\/wp-content\/uploads\/2018\/11\/room-9-557x400.jpg\" class=\"attachment-escapium_thumbnail-rooms-list size-escapium_thumbnail-rooms-list\" alt=\"\" title=\"\"><\/a>\n\t<\/figure>\n\t<!-- Image \/ End -->\n<\/article>\n\t\t<\/div>\n\t\t<!-- Rooms List \/ End -->\n\t\t\n\t\t\t\t<\/div>\n\t\t\t\t<\/div>\n\t\t\t\t\t<\/div>\n\t\t<\/div>\n\t\t\t\t<div class=\"elementor-column elementor-col-16 elementor-top-column elementor-element elementor-element-23570bf\" data-id=\"23570bf\" data-element_type=\"column\">\n\t\t\t<div class=\"elementor-widget-wrap\">\n\t\t\t\t\t\t\t<\/div>\n\t\t<\/div>\n\t\t\t\t\t<\/div>\n\t\t<\/section>\n\t\t\t\t<\/div>\n\t\t","protected":false},"excerpt":{"rendered":"<p>Jocuri de evadare live De multe ori facem pe detectivii f\u0103r\u0103 ca m\u0103car s\u0103 ne d\u0103m seama. E un instinct ad\u00e2nc \u00eenr\u0103d\u0103cinat \u00een fiecare.Dar ce-ai spune dac\u0103 \u021bi-am propune s\u0103 vezi cum se descurc\u0103 detectivul din tine \u00eentr-o situa\u021bie limit\u0103? Una \u00een care s\u0103 te \u0219i distrezi din plin?Pentru detectivul din tine am creat jocul [&hellip;]<\/p>\n","protected":false},"author":1,"featured_media":0,"parent":0,"menu_order":0,"comment_status":"closed","ping_status":"closed","template":"","meta":{"footnotes":""},"acf":[],"_links":{"self":[{"href":"https:\/\/thedungeon.ro\/en\/wp-json\/wp\/v2\/pages\/272"}],"collection":[{"href":"https:\/\/thedungeon.ro\/en\/wp-json\/wp\/v2\/pages"}],"about":[{"href":"https:\/\/thedungeon.ro\/en\/wp-json\/wp\/v2\/types\/page"}],"author":[{"embeddable":true,"href":"https:\/\/thedungeon.ro\/en\/wp-json\/wp\/v2\/users\/1"}],"replies":[{"embeddable":true,"href":"https:\/\/thedungeon.ro\/en\/wp-json\/wp\/v2\/comments?post=272"}],"version-history":[{"count":33,"href":"https:\/\/thedungeon.ro\/en\/wp-json\/wp\/v2\/pages\/272\/revisions"}],"predecessor-version":[{"id":8640,"href":"https:\/\/thedungeon.ro\/en\/wp-json\/wp\/v2\/pages\/272\/revisions\/8640"}],"wp:attachment":[{"href":"https:\/\/thedungeon.ro\/en\/wp-json\/wp\/v2\/media?parent=272"}],"curies":[{"name":"wp","href":"https:\/\/api.w.org\/{rel}","templated":true}]}}