{"id":2889,"date":"2021-08-24T17:50:08","date_gmt":"2021-08-24T14:50:08","guid":{"rendered":"https:\/\/thedungeon.ro\/?page_id=2889"},"modified":"2022-07-27T14:32:01","modified_gmt":"2022-07-27T11:32:01","slug":"jobs","status":"publish","type":"page","link":"https:\/\/thedungeon.ro\/en\/jobs\/","title":{"rendered":"we are hiring"},"content":{"rendered":"\t\t<div data-elementor-type=\"wp-page\" data-elementor-id=\"2889\" class=\"elementor elementor-2889\">\n\t\t\t\t\t\t<section class=\"elementor-section elementor-top-section elementor-element elementor-element-55577d4 elementor-section-boxed elementor-section-height-default elementor-section-height-default\" data-id=\"55577d4\" data-element_type=\"section\">\n\t\t\t\t\t\t<div class=\"elementor-container elementor-column-gap-default\">\n\t\t\t\t\t<div class=\"elementor-column elementor-col-100 elementor-top-column elementor-element elementor-element-9974e2b\" data-id=\"9974e2b\" data-element_type=\"column\">\n\t\t\t<div class=\"elementor-widget-wrap elementor-element-populated\">\n\t\t\t\t\t\t<div class=\"elementor-element elementor-element-e0030ca elementor-widget elementor-widget-heading\" data-id=\"e0030ca\" data-element_type=\"widget\" data-widget_type=\"heading.default\">\n\t\t\t\t<div class=\"elementor-widget-container\">\n\t\t\t<style>\/*! elementor - v3.20.0 - 26-03-2024 *\/\n.elementor-heading-title{padding:0;margin:0;line-height:1}.elementor-widget-heading .elementor-heading-title[class*=elementor-size-]>a{color:inherit;font-size:inherit;line-height:inherit}.elementor-widget-heading .elementor-heading-title.elementor-size-small{font-size:15px}.elementor-widget-heading .elementor-heading-title.elementor-size-medium{font-size:19px}.elementor-widget-heading .elementor-heading-title.elementor-size-large{font-size:29px}.elementor-widget-heading .elementor-heading-title.elementor-size-xl{font-size:39px}.elementor-widget-heading .elementor-heading-title.elementor-size-xxl{font-size:59px}<\/style><h2 class=\"elementor-heading-title elementor-size-default\">Vino \u00een echipa The Dungeon!<\/h2>\t\t<\/div>\n\t\t\t\t<\/div>\n\t\t\t\t\t<\/div>\n\t\t<\/div>\n\t\t\t\t\t<\/div>\n\t\t<\/section>\n\t\t\t\t<section class=\"elementor-section elementor-top-section elementor-element elementor-element-35d4546 elementor-section-boxed elementor-section-height-default elementor-section-height-default\" data-id=\"35d4546\" data-element_type=\"section\">\n\t\t\t\t\t\t<div class=\"elementor-container elementor-column-gap-default\">\n\t\t\t\t\t<div class=\"elementor-column elementor-col-100 elementor-top-column elementor-element elementor-element-380fe5b\" data-id=\"380fe5b\" data-element_type=\"column\">\n\t\t\t<div class=\"elementor-widget-wrap elementor-element-populated\">\n\t\t\t\t\t\t<div class=\"elementor-element elementor-element-4fb34cc elementor-widget elementor-widget-spacer\" data-id=\"4fb34cc\" data-element_type=\"widget\" data-widget_type=\"spacer.default\">\n\t\t\t\t<div class=\"elementor-widget-container\">\n\t\t\t<style>\/*! elementor - v3.20.0 - 26-03-2024 *\/\n.elementor-column .elementor-spacer-inner{height:var(--spacer-size)}.e-con{--container-widget-width:100%}.e-con-inner>.elementor-widget-spacer,.e-con>.elementor-widget-spacer{width:var(--container-widget-width,var(--spacer-size));--align-self:var(--container-widget-align-self,initial);--flex-shrink:0}.e-con-inner>.elementor-widget-spacer>.elementor-widget-container,.e-con>.elementor-widget-spacer>.elementor-widget-container{height:100%;width:100%}.e-con-inner>.elementor-widget-spacer>.elementor-widget-container>.elementor-spacer,.e-con>.elementor-widget-spacer>.elementor-widget-container>.elementor-spacer{height:100%}.e-con-inner>.elementor-widget-spacer>.elementor-widget-container>.elementor-spacer>.elementor-spacer-inner,.e-con>.elementor-widget-spacer>.elementor-widget-container>.elementor-spacer>.elementor-spacer-inner{height:var(--container-widget-height,var(--spacer-size))}.e-con-inner>.elementor-widget-spacer.elementor-widget-empty,.e-con>.elementor-widget-spacer.elementor-widget-empty{position:relative;min-height:22px;min-width:22px}.e-con-inner>.elementor-widget-spacer.elementor-widget-empty .elementor-widget-empty-icon,.e-con>.elementor-widget-spacer.elementor-widget-empty .elementor-widget-empty-icon{position:absolute;top:0;bottom:0;left:0;right:0;margin:auto;padding:0;width:22px;height:22px}<\/style>\t\t<div class=\"elementor-spacer\">\n\t\t\t<div class=\"elementor-spacer-inner\"><\/div>\n\t\t<\/div>\n\t\t\t\t<\/div>\n\t\t\t\t<\/div>\n\t\t\t\t\t<\/div>\n\t\t<\/div>\n\t\t\t\t\t<\/div>\n\t\t<\/section>\n\t\t\t\t<section class=\"elementor-section elementor-top-section elementor-element elementor-element-5b63b77 elementor-section-boxed elementor-section-height-default elementor-section-height-default\" data-id=\"5b63b77\" data-element_type=\"section\">\n\t\t\t\t\t\t<div class=\"elementor-container elementor-column-gap-default\">\n\t\t\t\t\t<div class=\"elementor-column elementor-col-100 elementor-top-column elementor-element elementor-element-846cd1a\" data-id=\"846cd1a\" data-element_type=\"column\">\n\t\t\t<div class=\"elementor-widget-wrap elementor-element-populated\">\n\t\t\t\t\t\t<div class=\"elementor-element elementor-element-733c771 elementor-widget elementor-widget-text-editor\" data-id=\"733c771\" data-element_type=\"widget\" data-widget_type=\"text-editor.default\">\n\t\t\t\t<div class=\"elementor-widget-container\">\n\t\t\t<style>\/*! elementor - v3.20.0 - 26-03-2024 *\/\n.elementor-widget-text-editor.elementor-drop-cap-view-stacked .elementor-drop-cap{background-color:#69727d;color:#fff}.elementor-widget-text-editor.elementor-drop-cap-view-framed .elementor-drop-cap{color:#69727d;border:3px solid;background-color:transparent}.elementor-widget-text-editor:not(.elementor-drop-cap-view-default) .elementor-drop-cap{margin-top:8px}.elementor-widget-text-editor:not(.elementor-drop-cap-view-default) .elementor-drop-cap-letter{width:1em;height:1em}.elementor-widget-text-editor .elementor-drop-cap{float:left;text-align:center;line-height:1;font-size:50px}.elementor-widget-text-editor .elementor-drop-cap-letter{display:inline-block}<\/style>\t\t\t\t<p>C\u0103ut\u0103m un coleg\/coleg\u0103 pe postul de Asistent Manager care s\u0103 ne \u00eentregeasc\u0103 echipa. Dac\u0103 \u00ee\u021bi plac jocurile de Escape room \u0219i ai aptitudini manageriale sau ai mai lucrat pe pozi\u021bii similare, atunci acest job s-ar putea sa fie pentru tine.<\/p>\n<p>Pe cine c\u0103ut\u0103m?<\/p>\n<ul>\n<li aria-level=\"1\">O persoan\u0103 sociabil\u0103 \u0219i comunicativ\u0103, deoarece vei interac\u021biona in mod constant cu clien\u021bii, partenerii \u0219i managerul general;<\/li>\n<li aria-level=\"1\">Musai sa fie organizat\u0103, atent\u0103 \u0219i punctual\u0103. Echipelor nu le place s\u0103 a\u0219tepte, iar indiciile trebuie sa fie \u00eentotdeauna la locul lor;<\/li>\n<li aria-level=\"1\">Experien\u021ba \u00een v\u00e2nz\u0103ri constituie un avantaj;<\/li>\n<li aria-level=\"1\">Cuno\u0219tin\u021be de conta primar\u0103 \u0219i \u00eentocmire facturi. Daca nu le ai, te \u00eenv\u0103\u021b\u0103m noi, dar trebuie sa nu \u00ee\u021bi fie frica s\u0103 \u00eenve\u021bi lucruri noi;<\/li>\n<li aria-level=\"1\">Abilit\u0103\u021bi \u00een gestionarea proiectelor \u0219i planificare (ne ocupam \u0219i de organizare team buildings)<\/li>\n<li aria-level=\"1\">Abilit\u0103\u021bi organizare evenimente (ne plac \u0219i activit\u0103\u021bile outdoor);<\/li>\n<li aria-level=\"1\">Capacitate de organizare a timpului, sarcinilor \u0219i al locului de munc\u0103 (gestionare rezerv\u0103ri, deplas\u0103ri la furnizori \u0219i men\u021binerea \u00een condi\u021bii optime a loca\u021bieii);<\/li>\n<li aria-level=\"1\">Sus\u021bine buna desf\u0103\u0219urare a activit\u0103\u021bii \u0219i evalueaz\u0103 posibilele repara\u021bii\/\u00eembun\u0103t\u0103\u021biri (avem om care se pricepe la toate, dac\u0103 e necaz, trebuie doar s\u0103 \u021bii leg\u0103tura cu acesta);<\/li>\n<li aria-level=\"1\">Cuno\u0219tin\u021be de promovare\/comunicare in social media (post\u0103ri cu echipele pe Facebook \u0219i Instagram + creare de stories);<\/li>\n<li aria-level=\"1\">Atitudine pozitiv\u0103, constructiv\u0103 \u0219i orientat\u0103 spre rezultate. Orice n-ar merge bine, cu siguran\u021b\u0103 are \u0219i o rezolvare;<\/li>\n<li aria-level=\"1\">Capacitate de auto-organizare \u0219i auto-evaluare;<\/li>\n<li aria-level=\"1\">Propune solu\u021bii \u00een vederea eficientiz\u0103rii afacerii \u0219i cre\u0219terii profitabilit\u0103\u021bii (po\u021bi veni cu solu\u021bii creative sau ba, oricum le vom testa \u0219i aplica);<\/li>\n<li aria-level=\"1\">Coordoneaz\u0103 activitatea societ\u0103\u021bii \u00een scopul atingerii obiectivelor;<\/li>\n<li aria-level=\"1\">Monitorizarea competi\u021biei (tragem cu ochiul la ce apare nou);<\/li>\n<li aria-level=\"1\">Monitorizarea nivelului de realizare a obiectivelor (la fel ca \u0219i \u00eentr-un joc, trebuie s\u0103 ne \u00eendeplinim misiunea);<\/li>\n<li aria-level=\"1\">Capacitatea de a \u00eenv\u0103\u021ba \u0219i \u00een\u021belege piata de profil (suntem pasiona\u021bi de ceea ce facem \u0219i ne-ar face pl\u0103cere s\u0103 vorbim acela\u0219i limbaj);<\/li>\n<li aria-level=\"1\">Reprezint\u0103 societatea \u00een rela\u021bia cu partenerii, clien\u021bii \u0219i furnizorii;<\/li>\n<li aria-level=\"1\">\u00cencheie parteneriate \u0219i colabor\u0103ri (deoarece ne place s\u0103 ne surprindem clien\u021bii);<\/li>\n<li aria-level=\"1\">Trimite oferte \u0219i negociaz\u0103 contracte;<\/li>\n<li aria-level=\"1\">Permis cat. B;<\/li>\n<li aria-level=\"1\">Deplas\u0103ri ocazionale la clien\u021bi\/furnizori (atunci c\u00e2nd nu putem comanda online produsele dorite);<\/li>\n<li aria-level=\"1\">Cunoa\u0219terea limbii engleze la nivel conversa\u021bional \u0219i \u00een scris (avem clien\u021bi turi\u0219ti\/studen\u021bi str\u0103ini)<\/li>\n<\/ul>\n<p>Ce oferim?<\/p>\n<ul>\n<li aria-level=\"1\">Salariu fix;<\/li>\n<li aria-level=\"1\">Bonusuri de performan\u021b\u0103;<\/li>\n<li aria-level=\"1\">Vouchere cadou;<\/li>\n<li aria-level=\"1\">Un mediu de lucru \u00een care \u00ee\u021bi po\u021bi dezvolta abilit\u0103\u021bile de comunicare, v\u00e2nzare, time management, networking dar \u00een care po\u021bi da fr\u00e2u liber \u0219i creativit\u0103\u021bii;<\/li>\n<li aria-level=\"1\">Acces la c\u0103r\u021bi \u0219i cursuri de dezvoltare personal\u0103, dar \u0219i c\u0103r\u021bi \u0219i jocuri creative;<\/li>\n<li aria-level=\"1\">Training \u0219i mentorat;<\/li>\n<li aria-level=\"1\">Alte suprize, c\u0103 doar creativitatea e punctul nostru forte \ud83d\ude42<\/li>\n<\/ul>\t\t\t\t\t\t<\/div>\n\t\t\t\t<\/div>\n\t\t\t\t\t<\/div>\n\t\t<\/div>\n\t\t\t\t\t<\/div>\n\t\t<\/section>\n\t\t\t\t<section class=\"elementor-section elementor-top-section elementor-element elementor-element-22d9d25 elementor-section-boxed elementor-section-height-default elementor-section-height-default\" data-id=\"22d9d25\" data-element_type=\"section\">\n\t\t\t\t\t\t<div class=\"elementor-container elementor-column-gap-default\">\n\t\t\t\t\t<div class=\"elementor-column elementor-col-100 elementor-top-column elementor-element elementor-element-cd1ad95\" data-id=\"cd1ad95\" data-element_type=\"column\">\n\t\t\t<div class=\"elementor-widget-wrap elementor-element-populated\">\n\t\t\t\t\t\t<div class=\"elementor-element elementor-element-0329eb6 elementor-widget elementor-widget-heading\" data-id=\"0329eb6\" data-element_type=\"widget\" data-widget_type=\"heading.default\">\n\t\t\t\t<div class=\"elementor-widget-container\">\n\t\t\t<h2 class=\"elementor-heading-title elementor-size-default\">Crezi c\u0103 facem o echip\u0103 bun\u0103?\n<\/h2>\t\t<\/div>\n\t\t\t\t<\/div>\n\t\t\t\t\t<\/div>\n\t\t<\/div>\n\t\t\t\t\t<\/div>\n\t\t<\/section>\n\t\t\t\t<section class=\"elementor-section elementor-top-section elementor-element elementor-element-8828dc6 elementor-section-boxed elementor-section-height-default elementor-section-height-default\" data-id=\"8828dc6\" data-element_type=\"section\">\n\t\t\t\t\t\t<div class=\"elementor-container elementor-column-gap-default\">\n\t\t\t\t\t<div class=\"elementor-column elementor-col-100 elementor-top-column elementor-element elementor-element-b32825d\" data-id=\"b32825d\" data-element_type=\"column\">\n\t\t\t<div class=\"elementor-widget-wrap elementor-element-populated\">\n\t\t\t\t\t\t<div class=\"elementor-element elementor-element-82d8a36 elementor-widget elementor-widget-text-editor\" data-id=\"82d8a36\" data-element_type=\"widget\" data-widget_type=\"text-editor.default\">\n\t\t\t\t<div class=\"elementor-widget-container\">\n\t\t\t\t\t\t\t<p>Dac\u0103 ai citit cerin\u021bele de mai sus (nu pe diagonal\u0103) \u0219i crezi c\u0103 bifezi c\u00e2t mai multe competen\u021be, aplic\u0103 pentru job.<\/p><p>Trimite-ne CV-ul t\u0103u pe adresa info@thedungeon.ro, \u00eenso\u021bit de r\u0103spunsul la \u00eentrebarea<\/p><p>&#8222;De ce vrei s\u0103 fii \u00een echipa The Dungeon?&#8221;<\/p><p>\u0219i hai s\u0103 ne cunoa\u0219tem.<\/p>\t\t\t\t\t\t<\/div>\n\t\t\t\t<\/div>\n\t\t\t\t\t<\/div>\n\t\t<\/div>\n\t\t\t\t\t<\/div>\n\t\t<\/section>\n\t\t\t\t<section class=\"elementor-section elementor-top-section elementor-element elementor-element-a05aa40 elementor-section-boxed elementor-section-height-default elementor-section-height-default\" data-id=\"a05aa40\" data-element_type=\"section\">\n\t\t\t\t\t\t<div class=\"elementor-container elementor-column-gap-default\">\n\t\t\t\t\t<div class=\"elementor-column elementor-col-100 elementor-top-column elementor-element elementor-element-317c8df\" data-id=\"317c8df\" data-element_type=\"column\">\n\t\t\t<div class=\"elementor-widget-wrap elementor-element-populated\">\n\t\t\t\t\t\t<div class=\"elementor-element elementor-element-8d82ec9 elementor-widget elementor-widget-image\" data-id=\"8d82ec9\" data-element_type=\"widget\" data-widget_type=\"image.default\">\n\t\t\t\t<div class=\"elementor-widget-container\">\n\t\t\t<style>\/*! elementor - v3.20.0 - 26-03-2024 *\/\n.elementor-widget-image{text-align:center}.elementor-widget-image a{display:inline-block}.elementor-widget-image a img[src$=\".svg\"]{width:48px}.elementor-widget-image img{vertical-align:middle;display:inline-block}<\/style>\t\t\t\t\t\t\t\t\t\t<img fetchpriority=\"high\" decoding=\"async\" width=\"640\" height=\"428\" src=\"https:\/\/thedungeon.ro\/wp-content\/uploads\/2020\/11\/DSC_7861-768x513.jpg\" class=\"attachment-medium_large size-medium_large wp-image-1451\" alt=\"idei de activitati\" srcset=\"https:\/\/thedungeon.ro\/wp-content\/uploads\/2020\/11\/DSC_7861-768x513.jpg 768w, https:\/\/thedungeon.ro\/wp-content\/uploads\/2020\/11\/DSC_7861-300x200.jpg 300w, https:\/\/thedungeon.ro\/wp-content\/uploads\/2020\/11\/DSC_7861-1024x684.jpg 1024w, https:\/\/thedungeon.ro\/wp-content\/uploads\/2020\/11\/DSC_7861-1536x1025.jpg 1536w, https:\/\/thedungeon.ro\/wp-content\/uploads\/2020\/11\/DSC_7861-2048x1367.jpg 2048w, https:\/\/thedungeon.ro\/wp-content\/uploads\/2020\/11\/DSC_7861-600x401.jpg 600w\" sizes=\"(max-width: 640px) 100vw, 640px\" title=\"\">\t\t\t\t\t\t\t\t\t\t\t\t\t<\/div>\n\t\t\t\t<\/div>\n\t\t\t\t\t<\/div>\n\t\t<\/div>\n\t\t\t\t\t<\/div>\n\t\t<\/section>\n\t\t\t\t<\/div>\n\t\t","protected":false},"excerpt":{"rendered":"<p>Vino \u00een echipa The Dungeon! C\u0103ut\u0103m un coleg\/coleg\u0103 pe postul de Asistent Manager care s\u0103 ne \u00eentregeasc\u0103 echipa. Dac\u0103 \u00ee\u021bi plac jocurile de Escape room \u0219i ai aptitudini manageriale sau ai mai lucrat pe pozi\u021bii similare, atunci acest job s-ar putea sa fie pentru tine. Pe cine c\u0103ut\u0103m? O persoan\u0103 sociabil\u0103 \u0219i comunicativ\u0103, deoarece vei [&hellip;]<\/p>\n","protected":false},"author":1,"featured_media":0,"parent":0,"menu_order":0,"comment_status":"closed","ping_status":"closed","template":"","meta":{"footnotes":""},"acf":[],"_links":{"self":[{"href":"https:\/\/thedungeon.ro\/en\/wp-json\/wp\/v2\/pages\/2889"}],"collection":[{"href":"https:\/\/thedungeon.ro\/en\/wp-json\/wp\/v2\/pages"}],"about":[{"href":"https:\/\/thedungeon.ro\/en\/wp-json\/wp\/v2\/types\/page"}],"author":[{"embeddable":true,"href":"https:\/\/thedungeon.ro\/en\/wp-json\/wp\/v2\/users\/1"}],"replies":[{"embeddable":true,"href":"https:\/\/thedungeon.ro\/en\/wp-json\/wp\/v2\/comments?post=2889"}],"version-history":[{"count":36,"href":"https:\/\/thedungeon.ro\/en\/wp-json\/wp\/v2\/pages\/2889\/revisions"}],"predecessor-version":[{"id":2944,"href":"https:\/\/thedungeon.ro\/en\/wp-json\/wp\/v2\/pages\/2889\/revisions\/2944"}],"wp:attachment":[{"href":"https:\/\/thedungeon.ro\/en\/wp-json\/wp\/v2\/media?parent=2889"}],"curies":[{"name":"wp","href":"https:\/\/api.w.org\/{rel}","templated":true}]}}