{"id":3769,"date":"2022-04-04T21:22:02","date_gmt":"2022-04-04T18:22:02","guid":{"rendered":"https:\/\/thedungeon.ro\/?page_id=3769"},"modified":"2025-12-30T20:03:26","modified_gmt":"2025-12-30T18:03:26","slug":"party-game","status":"publish","type":"page","link":"https:\/\/thedungeon.ro\/en\/comm\/party-game\/","title":{"rendered":"NYE Party Game"},"content":{"rendered":"\t\t<div data-elementor-type=\"wp-page\" data-elementor-id=\"3769\" class=\"elementor elementor-3769\">\n\t\t\t\t\t\t<section class=\"elementor-section elementor-top-section elementor-element elementor-element-d2b8e1a elementor-section-boxed elementor-section-height-default elementor-section-height-default\" data-id=\"d2b8e1a\" data-element_type=\"section\" data-settings=\"{&quot;background_background&quot;:&quot;gradient&quot;}\">\n\t\t\t\t\t\t<div class=\"elementor-container elementor-column-gap-default\">\n\t\t\t\t\t<div class=\"elementor-column elementor-col-100 elementor-top-column elementor-element elementor-element-a623dba\" data-id=\"a623dba\" data-element_type=\"column\">\n\t\t\t<div class=\"elementor-widget-wrap elementor-element-populated\">\n\t\t\t\t\t\t<div class=\"elementor-element elementor-element-91dd3e1 elementor-widget elementor-widget-heading\" data-id=\"91dd3e1\" data-element_type=\"widget\" data-widget_type=\"heading.default\">\n\t\t\t\t<div class=\"elementor-widget-container\">\n\t\t\t<style>\/*! elementor - v3.20.0 - 26-03-2024 *\/\n.elementor-heading-title{padding:0;margin:0;line-height:1}.elementor-widget-heading .elementor-heading-title[class*=elementor-size-]>a{color:inherit;font-size:inherit;line-height:inherit}.elementor-widget-heading .elementor-heading-title.elementor-size-small{font-size:15px}.elementor-widget-heading .elementor-heading-title.elementor-size-medium{font-size:19px}.elementor-widget-heading .elementor-heading-title.elementor-size-large{font-size:29px}.elementor-widget-heading .elementor-heading-title.elementor-size-xl{font-size:39px}.elementor-widget-heading .elementor-heading-title.elementor-size-xxl{font-size:59px}<\/style><h2 class=\"elementor-heading-title elementor-size-default\">Te-ai distrat tot anul? Acum e timpul pentru a reflecta<\/h2>\t\t<\/div>\n\t\t\t\t<\/div>\n\t\t\t\t\t<\/div>\n\t\t<\/div>\n\t\t\t\t\t<\/div>\n\t\t<\/section>\n\t\t\t\t<section class=\"elementor-section elementor-top-section elementor-element elementor-element-50a836b2 elementor-section-boxed elementor-section-height-default elementor-section-height-default\" data-id=\"50a836b2\" data-element_type=\"section\">\n\t\t\t\t\t\t<div class=\"elementor-container elementor-column-gap-default\">\n\t\t\t\t\t<div class=\"elementor-column elementor-col-100 elementor-top-column elementor-element elementor-element-34da54a0\" data-id=\"34da54a0\" data-element_type=\"column\">\n\t\t\t<div class=\"elementor-widget-wrap elementor-element-populated\">\n\t\t\t\t\t\t<div class=\"elementor-element elementor-element-64fff586 elementor-widget elementor-widget-text-editor\" data-id=\"64fff586\" data-element_type=\"widget\" data-widget_type=\"text-editor.default\">\n\t\t\t\t<div class=\"elementor-widget-container\">\n\t\t\t<style>\/*! elementor - v3.20.0 - 26-03-2024 *\/\n.elementor-widget-text-editor.elementor-drop-cap-view-stacked .elementor-drop-cap{background-color:#69727d;color:#fff}.elementor-widget-text-editor.elementor-drop-cap-view-framed .elementor-drop-cap{color:#69727d;border:3px solid;background-color:transparent}.elementor-widget-text-editor:not(.elementor-drop-cap-view-default) .elementor-drop-cap{margin-top:8px}.elementor-widget-text-editor:not(.elementor-drop-cap-view-default) .elementor-drop-cap-letter{width:1em;height:1em}.elementor-widget-text-editor .elementor-drop-cap{float:left;text-align:center;line-height:1;font-size:50px}.elementor-widget-text-editor .elementor-drop-cap-letter{display:inline-block}<\/style>\t\t\t\t<p><!-- wp:paragraph {\"textColor\":\"luminous-vivid-amber\"} --><\/p>\n<p>Petrecerea de Anul Nou se apropie. Fie c\u0103 o petreci cu familia, prietenii sau la distan\u021b\u0103 de ace\u0219tia, cu siguran\u021b\u0103 vrei s\u0103 te distrezi. Descarc\u0103 Pachetul de jocuri, printeaz\u0103 jocurile pe foaie sau carton (dac\u0103 ai musafiri), sau folose\u0219te-le \u00een format digital pentru Zoom party.\u00a0<\/p>\n<p>\u00a0<\/p>\n<p><!-- \/wp:paragraph --><\/p>\t\t\t\t\t\t<\/div>\n\t\t\t\t<\/div>\n\t\t\t\t\t<\/div>\n\t\t<\/div>\n\t\t\t\t\t<\/div>\n\t\t<\/section>\n\t\t\t\t<section class=\"elementor-section elementor-top-section elementor-element elementor-element-eb934ae elementor-section-boxed elementor-section-height-default elementor-section-height-default\" data-id=\"eb934ae\" data-element_type=\"section\">\n\t\t\t\t\t\t<div class=\"elementor-container elementor-column-gap-default\">\n\t\t\t\t\t<div class=\"elementor-column elementor-col-100 elementor-top-column elementor-element elementor-element-897a26a\" data-id=\"897a26a\" data-element_type=\"column\">\n\t\t\t<div class=\"elementor-widget-wrap elementor-element-populated\">\n\t\t\t\t\t\t<div class=\"elementor-element elementor-element-c9e1454 elementor-widget elementor-widget-heading\" data-id=\"c9e1454\" data-element_type=\"widget\" data-widget_type=\"heading.default\">\n\t\t\t\t<div class=\"elementor-widget-container\">\n\t\t\t<h2 class=\"elementor-heading-title elementor-size-default\">Ce con\u021bine pachetul?<\/h2>\t\t<\/div>\n\t\t\t\t<\/div>\n\t\t\t\t\t<\/div>\n\t\t<\/div>\n\t\t\t\t\t<\/div>\n\t\t<\/section>\n\t\t\t\t<section class=\"elementor-section elementor-top-section elementor-element elementor-element-8b7571d elementor-section-boxed elementor-section-height-default elementor-section-height-default\" data-id=\"8b7571d\" data-element_type=\"section\">\n\t\t\t\t\t\t<div class=\"elementor-container elementor-column-gap-default\">\n\t\t\t\t\t<div class=\"elementor-column elementor-col-100 elementor-top-column elementor-element elementor-element-f4d8153\" data-id=\"f4d8153\" data-element_type=\"column\">\n\t\t\t<div class=\"elementor-widget-wrap elementor-element-populated\">\n\t\t\t\t\t\t<div class=\"elementor-element elementor-element-3a8a653 elementor-widget elementor-widget-text-editor\" data-id=\"3a8a653\" data-element_type=\"widget\" data-widget_type=\"text-editor.default\">\n\t\t\t\t<div class=\"elementor-widget-container\">\n\t\t\t\t\t\t\t<ul>\n<li>1 NYE Resolution Card &#8211; scrie cele mai importante obiective pentru noul an<\/li>\n<li>30 Reflection Cards &#8211; pentru a sparge ghea\u021ba \u0219i a ne reaminti de anul care a trecut<\/li>\n<li>40 Drink if Cards + 10 Blank Cards\u00a0 &#8211; le poti personaliza<\/li>\n<li>P.S. Toate materialele le poti desc\u0103rca instant, \u00een format pdf<\/li>\n<\/ul>\n<p>\u00a0<\/p>\t\t\t\t\t\t<\/div>\n\t\t\t\t<\/div>\n\t\t\t\t\t<\/div>\n\t\t<\/div>\n\t\t\t\t\t<\/div>\n\t\t<\/section>\n\t\t\t\t<section class=\"elementor-section elementor-top-section elementor-element elementor-element-23cab0e elementor-section-boxed elementor-section-height-default elementor-section-height-default\" data-id=\"23cab0e\" data-element_type=\"section\">\n\t\t\t\t\t\t<div class=\"elementor-container elementor-column-gap-default\">\n\t\t\t\t\t<div class=\"elementor-column elementor-col-100 elementor-top-column elementor-element elementor-element-0f4d639\" data-id=\"0f4d639\" data-element_type=\"column\">\n\t\t\t<div class=\"elementor-widget-wrap elementor-element-populated\">\n\t\t\t\t\t\t<div class=\"elementor-element elementor-element-74fd19a elementor-widget elementor-widget-heading\" data-id=\"74fd19a\" data-element_type=\"widget\" data-widget_type=\"heading.default\">\n\t\t\t\t<div class=\"elementor-widget-container\">\n\t\t\t<h2 class=\"elementor-heading-title elementor-size-default\">Pentru cine este jocul?<\/h2>\t\t<\/div>\n\t\t\t\t<\/div>\n\t\t\t\t\t<\/div>\n\t\t<\/div>\n\t\t\t\t\t<\/div>\n\t\t<\/section>\n\t\t\t\t<section class=\"elementor-section elementor-top-section elementor-element elementor-element-5b9adc9 elementor-section-boxed elementor-section-height-default elementor-section-height-default\" data-id=\"5b9adc9\" data-element_type=\"section\">\n\t\t\t\t\t\t<div class=\"elementor-container elementor-column-gap-default\">\n\t\t\t\t\t<div class=\"elementor-column elementor-col-100 elementor-top-column elementor-element elementor-element-be79df8\" data-id=\"be79df8\" data-element_type=\"column\">\n\t\t\t<div class=\"elementor-widget-wrap elementor-element-populated\">\n\t\t\t\t\t\t<div class=\"elementor-element elementor-element-569e46d elementor-widget elementor-widget-text-editor\" data-id=\"569e46d\" data-element_type=\"widget\" data-widget_type=\"text-editor.default\">\n\t\t\t\t<div class=\"elementor-widget-container\">\n\t\t\t\t\t\t\t<ul>\n<li>Pentru cei care \u021bin petreceri de Revelion. Chiar \u0219i \u00een doi<\/li>\n<li>Pentru Zoom party. Share screen and play<\/li>\n<li>Pentru prietenii, familii, colegi \u0219i cupluri<\/li>\n<li>Pentru cei care vor s\u0103 fac\u0103 o impresie bun\u0103 de Revelion<\/li>\n<li>Pentru cei ce iubesc jocurile<\/li>\n<li>Pentru cei care prefer\u0103 discu\u021biile deep\u009d<\/li>\n<li>Pentru cei impudici<\/li>\n<li>Atentie! Dac\u0103 ave\u021bi copii \u00een preajm\u0103, unele \u00eentreb\u0103ri ar trebui omise din pachet.<\/li>\n<li>Pachet destinat celor peste 18 ani<\/li>\n<\/ul>\n<p>\u00a0<\/p>\t\t\t\t\t\t<\/div>\n\t\t\t\t<\/div>\n\t\t\t\t\t<\/div>\n\t\t<\/div>\n\t\t\t\t\t<\/div>\n\t\t<\/section>\n\t\t\t\t<section class=\"elementor-section elementor-top-section elementor-element elementor-element-e6b36a1 elementor-section-boxed elementor-section-height-default elementor-section-height-default\" data-id=\"e6b36a1\" data-element_type=\"section\">\n\t\t\t\t\t\t<div class=\"elementor-container elementor-column-gap-default\">\n\t\t\t\t\t<div class=\"elementor-column elementor-col-100 elementor-top-column elementor-element elementor-element-56353ec\" data-id=\"56353ec\" data-element_type=\"column\">\n\t\t\t<div class=\"elementor-widget-wrap elementor-element-populated\">\n\t\t\t\t\t\t<div class=\"elementor-element elementor-element-2a9db41 elementor-widget elementor-widget-heading\" data-id=\"2a9db41\" data-element_type=\"widget\" data-widget_type=\"heading.default\">\n\t\t\t\t<div class=\"elementor-widget-container\">\n\t\t\t<h2 class=\"elementor-heading-title elementor-size-default\">Cum se joac\u0103?<\/h2>\t\t<\/div>\n\t\t\t\t<\/div>\n\t\t\t\t\t<\/div>\n\t\t<\/div>\n\t\t\t\t\t<\/div>\n\t\t<\/section>\n\t\t\t\t<section class=\"elementor-section elementor-top-section elementor-element elementor-element-967670f elementor-section-boxed elementor-section-height-default elementor-section-height-default\" data-id=\"967670f\" data-element_type=\"section\">\n\t\t\t\t\t\t<div class=\"elementor-container elementor-column-gap-default\">\n\t\t\t\t\t<div class=\"elementor-column elementor-col-100 elementor-top-column elementor-element elementor-element-6c9c5f0\" data-id=\"6c9c5f0\" data-element_type=\"column\">\n\t\t\t<div class=\"elementor-widget-wrap elementor-element-populated\">\n\t\t\t\t\t\t<div class=\"elementor-element elementor-element-d57d911 elementor-widget elementor-widget-text-editor\" data-id=\"d57d911\" data-element_type=\"widget\" data-widget_type=\"text-editor.default\">\n\t\t\t\t<div class=\"elementor-widget-container\">\n\t\t\t\t\t\t\t<ul>\n<li>Printeaz\u0103 cardurile pe h\u00e2rtie sau carton \u0219i decupeaz\u0103-le.<\/li>\n<li>Printeaz\u0103 Resolution Cards \u00een func\u021bie de num\u0103rul de invita\u021bi. Fiecare ar trebui s\u0103 primeasc\u0103 c\u00e2te unul \u0219i ceva de scris. \u00cenainte de num\u0103r\u0103toarea invers\u0103, acord\u0103-le 10 minute pentru a reflecta asupra celor mai importante rezolu\u021bii pentru 2026.<\/li>\n<li>Amestec\u0103 Reflection Cards \u0219i pune-le \u00eentr-o cutie. Fiecare invitat va extrage o carte \u0219i va \u00eemp\u0103rt\u0103\u0219i cu restul r\u0103spunsul. Scopul este s\u0103 reflect\u0103m la anul care a trecut \u0219i s\u0103 dezv\u0103luim ce speran\u021be avem pentru anul care vine.<\/li>\n<li>Amestec\u0103 Drink if Cards si pune-le \u00eentr-o cutie. Fiecare invitat va citi cu voce tare cartea extras\u0103. Dac\u0103 po\u021bi r\u0103spunde afirmativ la \u00eentrebare, trebuie s\u0103 bei un shot. Nu doar cel care cite\u0219te carte, ci to\u021bii invita\u021bii c\u0103rora li se potrive\u0219te r\u0103spunsul. V\u0103 opri\u021bi \u00eenainte s\u0103 ame\u021bi\u021bi prea tare. Sau nu.<\/li>\n<li>Distrac\u021bie pl\u0103cut\u0103!<\/li>\n<\/ul>\n<p>\u00a0<\/p>\t\t\t\t\t\t<\/div>\n\t\t\t\t<\/div>\n\t\t\t\t\t<\/div>\n\t\t<\/div>\n\t\t\t\t\t<\/div>\n\t\t<\/section>\n\t\t\t\t<section class=\"elementor-section elementor-top-section elementor-element elementor-element-3230567 elementor-section-boxed elementor-section-height-default elementor-section-height-default\" data-id=\"3230567\" data-element_type=\"section\">\n\t\t\t\t\t\t<div class=\"elementor-container elementor-column-gap-default\">\n\t\t\t\t\t<div class=\"elementor-column elementor-col-100 elementor-top-column elementor-element elementor-element-746d245\" data-id=\"746d245\" data-element_type=\"column\">\n\t\t\t<div class=\"elementor-widget-wrap elementor-element-populated\">\n\t\t\t\t\t\t<div class=\"elementor-element elementor-element-df12833 elementor-widget elementor-widget-shortcode\" data-id=\"df12833\" data-element_type=\"widget\" data-widget_type=\"shortcode.default\">\n\t\t\t\t<div class=\"elementor-widget-container\">\n\t\t\t\t\t<div class=\"elementor-shortcode\"> <style type=\"text\/css\">\r\n\t\t#dae-shortcode3785-download-wrapper {\r\n\t\t\tbackground: url() !important;\r\n\t\t\tbackground-attachment: scroll !important;\r\n\t\t}\r\n\t\t#dae-shortcode3785-download-wrapper .dae-shortcode-download-file-image {\r\n\t\t\twidth: 80% !important;\r\n\t\t}\r\n\t\t#dae-shortcode3785-download-wrapper.dae-shortcode-download-wrapper-wide .dae-shortcode-download-file-image {\r\n\t\t\twidth: 40% !important;\r\n\t\t}\r\n\t\t#dae-shortcode3785-download-wrapper .dae-shortcode-download-title {\r\n\t\t\tfont-size: 40px !important;\r\n\t\t\tfont-family: Arial, Helvetica, sans-serif !important;\r\n\t\t\tcolor: #0073aa !important;\r\n\t\t}\r\n\t\t#dae-shortcode3785-download-wrapper .dae-shortcode-download-text {\r\n\t\t\tfont-size: 16px !important;\r\n\t\t\tfont-family: Arial, Helvetica, sans-serif !important;\r\n\t\t\tcolor: #444444 !important;\r\n\t\t}\r\n\t\t#dae-shortcode3785-download-wrapper .dae-shortcode-download-text h1,\r\n\t\t#dae-shortcode3785-download-wrapper .dae-shortcode-download-text h2,\r\n\t\t#dae-shortcode3785-download-wrapper .dae-shortcode-download-text h3,\r\n\t\t#dae-shortcode3785-download-wrapper .dae-shortcode-download-text h4,\r\n\t\t#dae-shortcode3785-download-wrapper .dae-shortcode-download-text h5 {\r\n\t\t\tfont-family: Arial, Helvetica, sans-serif !important;\r\n\t\t}\r\n\t\t#dae-shortcode3785-download-wrapper .dae-shortcode-download-button {\r\n\t\t\tcolor: #0073aa !important;\r\n\t\t\tbackground: none !important;\r\n\t\t\tfont-size: 25px !important;\r\n\t\t\tfont-family: Arial, Helvetica, sans-serif !important;\r\n\t\t\twidth: auto !important;\r\n\t\t\tpadding: 20px 8px !important;\r\n\t\t\tborder-color: #0073aa !important;\r\n\t\t\tborder-radius: 10px !important;\r\n\t\t\t-moz-border-radius: 10px !important;\r\n\t\t\t-webkit-border-radius: 10px !important;\r\n\t\t}\r\n\t\t#dae-shortcode3785-download-wrapper .dae-shortcode-download-button:hover {\r\n\t\t\tcolor: #ffffff !important;\r\n\t\t\tbackground: #0073aa !important;\r\n\t\t\tborder-color: #0073aa !important;\r\n\t\t\tfont-size: 25px !important;\r\n\t\t\tfont-family: Arial, Helvetica, sans-serif !important;\r\n\t\t\twidth: auto !important;\r\n\t\t\tpadding: 20px 8px !important;\r\n\t\t\tborder-radius: 10px !important;\r\n\t\t\t-moz-border-radius: 10px !important;\r\n\t\t\t-webkit-border-radius: 10px !important;\r\n\t\t}\r\n\t\t#dae-shortcode3785-download-wrapper .dae-shortcode-register-label {\r\n\t\t\tfont-size: 18px !important;\r\n\t\t\tfont-family: Arial, Helvetica, sans-serif !important;\r\n\t\t\tcolor: #444444 !important;\r\n\t\t}\r\n\t\t#dae-shortcode3785-download-wrapper .dae-shortcode-register-icon {\r\n\t\t\theight: calc(45px + 4px) !important;\r\n\t\t\tfont-size: 15px !important;\r\n\t\t\tfont-family: Arial, Helvetica, sans-serif !important;\r\n\t\t\tpadding: 15px !important;\r\n\t\t\tcolor: #ffffff !important;\r\n\t\t\tbackground: #0073aa !important;\r\n\t\t\tborder-radius: 10px 0 0 10px !important;\r\n\t\t\t-moz-border-radius: 10px 0 0 10px !important;\r\n\t\t\t-webkit-border-radius: 10px 0 0 10px !important;\r\n\t\t}\r\n\t\t#dae-shortcode3785-download-wrapper .dae-shortcode-register-field {\r\n\t\t\theight: calc(45px + 4px) !important;\r\n\t\t\tfont-size: 15px !important;\r\n\t\t\tfont-family: Arial, Helvetica, sans-serif !important;\r\n\t\t\tpadding: 15px !important;\r\n\t\t\tcolor: #444444 !important;\r\n\t\t\tbackground: #f9f9f9 !important;\r\n\t\t\tborder-radius: 0 10px 10px 0 !important;\r\n\t\t\t-moz-border-radius: 0 10px 10px 0 !important;\r\n\t\t\t-webkit-border-radius: 0 10px 10px 0 !important;\r\n\t\t}\r\n\t\t#dae-shortcode3785-download-wrapper .dae-shortcode-register-select-icon {\r\n\t\t\ttop: calc(50% - 7.5px) !important;\r\n\t\t\tright: 15px !important;\r\n\t\t\tfont-size: 15px !important;\r\n\t\t\tfont-family: Arial, Helvetica, sans-serif !important;\r\n\t\t\tcolor: #444444 !important;\r\n\t\t}\r\n\t\t#dae-shortcode3785-download-wrapper .dae-shortcode-register-field::-webkit-input-placeholder,\r\n\t\t#dae-shortcode3785-download-wrapper .dae-shortcode-register-field::placeholder {\r\n\t\t\tcolor: #888888 !important;\r\n\t\t\tfont-family: Arial, Helvetica, sans-serif !important;\r\n\t\t}\r\n\t\t#dae-shortcode3785-download-wrapper .dae-shortcode-register-field::-ms-input-placeholder {\r\n\t\t\tcolor: #888888 !important;\r\n\t\t\tfont-family: Arial, Helvetica, sans-serif !important;\r\n\t\t}\r\n\t\t#dae-shortcode3785-download-wrapper .dae-shortcode-register-checkbox-text {\r\n\t\t\tcolor: #444444 !important;\r\n\t\t\tfont-size: 12px !important;\r\n\t\t\tfont-family: Arial, Helvetica, sans-serif !important;\r\n\t\t}\r\n\t\t#dae-shortcode3785-download-wrapper .dae-shortcode-register-checkbox-text a {\r\n\t\t\tcolor: #0073aa !important;\r\n\t\t}\r\n\t\t#dae-shortcode3785-download-wrapper .dae-shortcode-register-checkbox-text a:hover {\r\n\t\t\tcolor: #0081c1 !important;\r\n\t\t}\r\n\t\t#dae-shortcode3785-download-wrapper .dae-shortcode-register-submit {\r\n\t\t\tcolor: #ffffff !important;\r\n\t\t\tfont-size: 18px !important;\r\n\t\t\tfont-family: Arial, Helvetica, sans-serif !important;\r\n\t\t\tpadding: 18px !important;\r\n\t\t\tbackground: #0073aa !important;\r\n\t\t\tborder-radius: 10px !important;\r\n\t\t\t-moz-border-radius: 10px !important;\r\n\t\t\t-webkit-border-radius: 10px !important;\r\n\t\t}\r\n\t\t#dae-shortcode3785-download-wrapper .dae-shortcode-register-submit:hover {\r\n\t\t\tcolor: #ffffff !important;\r\n\t\t\tbackground: #0081c1 !important;\r\n\t\t\tfont-size: 18px !important;\r\n\t\t\tfont-family: Arial, Helvetica, sans-serif !important;\r\n\t\t\tpadding: 18px !important;\r\n\t\t\tborder-radius: 10px !important;\r\n\t\t\t-moz-border-radius: 10px !important;\r\n\t\t\t-webkit-border-radius: 10px !important;\r\n\t\t}\r\n\t\t#dae-shortcode3785-download-wrapper .dae-shortcode-register-loading {\r\n\t\t\tcolor: #0073aa !important;\r\n\t\t}\r\n\t\t#dae-shortcode3785-download-wrapper .dae-shortcode-register-message {\r\n\t\t\tfont-size: 16px !important;\r\n\t\t\tfont-family: Arial, Helvetica, sans-serif !important;\r\n\t\t}\r\n\t\t#dae-shortcode3785-download-wrapper .dae-shortcode-register-error {\r\n\t\t\tcolor: #dd1111 !important;\r\n\t\t}\r\n\t\t#dae-shortcode3785-download-wrapper .dae-shortcode-register-success {\r\n\t\t\tcolor: #0073aa !important;\r\n\t\t}\r\n\t\t#dae-shortcode3785-download-wrapper .dae-shortcode-register-category-interests h4,\r\n\t\t#dae-shortcode3785-download-wrapper .dae-shortcode-register-input-wrap-interest label {\r\n\t\t\tfont-family: Arial, Helvetica, sans-serif !important;\r\n\t\t}\r\n\t\t#dae-shortcode3785-download-wrapper {\r\n\t\t\talign-items: center !important;\r\n\t\t\t-webkit-align-items: center !important;\r\n\t\t\tjustify-content: flex-start !important;\r\n\t\t\t-webkit-justify-content: flex-start !important;\r\n\t\t\t-moz-justify-content: fle-start !important;\r\n\t\t}\r\n\t\t#dae-shortcode3785-download-wrapper .dae-shortcode-download-content-wrapper,\r\n\t\t#dae-shortcode3785-download-wrapper .dae-shortcode-download-title,\r\n\t\t#dae-shortcode3785-download-wrapper .dae-shortcode-download-text,\r\n\t\t#dae-shortcode3785-download-wrapper .dae-shortcode-register-wrapper p,\r\n\t\t#dae-shortcode3785-download-wrapper .dae-shortcode-register-category-interests-wrap {\r\n\t\t\ttext-align: center !important;\r\n\t\t}\r\n\t\t#dae-shortcode3785-download-wrapper .dae-shortcode-register-field-wrap {\r\n\t\t\tjustify-content: center !important;\r\n\t\t\t-webkit-justify-content: center !important;\r\n\t\t\t-moz-justify-content: center !important;\r\n\t\t}\r\n\t\t#dae-shortcode3785-download-wrapper .dae-shortcode-register-label,\r\n\t\t#dae-shortcode3785-download-wrapper .dae-shortcode-register-message,\r\n\t\t#dae-shortcode3785-download-wrapper .dae-shortcode-register-category-interests-wrap {\r\n\t\t\tmargin: 20px auto !important;\r\n\t\t}\r\n\t\t#dae-shortcode3785-download-wrapper.dae-shortcode-download-wrapper-wide {\r\n\t\t\talign-items: center !important;\r\n\t\t\t-webkit-align-items: center !important;\r\n\t\t\tjustify-content: center !important;\r\n\t\t\t-webkit-justify-content: center !important;\r\n\t\t\t-moz-justify-content: center !important;\r\n\t\t}\r\n\t\t#dae-shortcode3785-download-wrapper.dae-shortcode-download-wrapper-wide .dae-shortcode-download-content-wrapper,\r\n\t\t#dae-shortcode3785-download-wrapper.dae-shortcode-download-wrapper-wide .dae-shortcode-download-title,\r\n\t\t#dae-shortcode3785-download-wrapper.dae-shortcode-download-wrapper-wide .dae-shortcode-download-text,\r\n\t\t#dae-shortcode3785-download-wrapper.dae-shortcode-download-wrapper-wide .dae-shortcode-register-wrapper p,\r\n\t\t#dae-shortcode3785-download-wrapper.dae-shortcode-download-wrapper-wide .dae-shortcode-register-category-interests-wrap {\r\n\t\t\ttext-align: center !important;\r\n\t\t}\r\n\t\t#dae-shortcode3785-download-wrapper.dae-shortcode-download-wrapper-wide .dae-shortcode-register-field-wrap {\r\n\t\t\tjustify-content: center !important;\r\n\t\t\t-webkit-justify-content: center !important;\r\n\t\t\t-moz-justify-content: center !important;\r\n\t\t}\r\n\t\t#dae-shortcode3785-download-wrapper.dae-shortcode-download-wrapper-wide .dae-shortcode-register-label,\r\n\t\t#dae-shortcode3785-download-wrapper.dae-shortcode-download-wrapper-wide .dae-shortcode-register-message,\r\n\t\t#dae-shortcode3785-download-wrapper.dae-shortcode-download-wrapper-wide .dae-shortcode-register-category-interests-wrap {\r\n\t\t\tmargin: 20px auto !important;\r\n\t\t}\r\n\t<\/style>\r\n\t\t<div id=\"dae-shortcode3785-download-wrapper\" class=\"dae-shortcode-download-wrapper\">\r\n\t\t\t<img fetchpriority=\"high\" decoding=\"async\" class=\"dae-shortcode-download-file-image\" src=\"https:\/\/thedungeon.ro\/wp-content\/uploads\/2022\/04\/Produs-NYE.jpg\" width=\"1080\" height=\"1080\" alt=\"\" title=\"\">\r\n\t\t\t<div class=\"dae-shortcode-download-content-wrapper\">\r\n\t\t\t\t\r\n\t\t\t\t\r\n\t\t\t\t<div class=\"dae-shortcode-download-button\">\r\n\t\t\t\t\t<span class=\"dae-shortcode-download-button-icon\"><i class=\"fas fa-download\"><\/i><\/span>\r\n\t\t\t\t\t<span class=\"dae-shortcode-download-button-text\">Descarc\u0103 NYE Party Pack<\/span>\r\n\t\t\t\t<\/div>\r\n\t\t\t\t<div class=\"dae-shortcode-register-wrapper\">\r\n\t\t\t\t\t<p class=\"dae-shortcode-register-label\">Introdu adresa de email:<\/p>\r\n\t\t\t\t\t<form class=\"dae-shortcode-register-form\" method=\"post\" novalidate=\"novalidate\">\r\n\t\t\t\t\t\t<input type=\"hidden\" name=\"file\" value=\"EN-NYE-Reflection-cardsDrink-IfResolution-Card.pdf\" \/>\r\n\t\t\t\t\t\t<div class=\"dae-shortcode-register-field-wrap\"><div class=\"dae-shortcode-register-icon\"><i class=\"fas fa-envelope\"><\/i><\/div><div class=\"dae-shortcode-register-input-wrap\"><input class=\"dae-shortcode-register-field\" type=\"email\" name=\"email\" placeholder=\"Email\" autocomplete=\"off\" \/><\/div><\/div>\r\n\t\t\t\t\t\t\r\n\t\t\t\t\t\t\r\n\t\t\t<p>\r\n\t\t\t\t<input class=\"dae-shortcode-register-checkbox\" type=\"checkbox\" name=\"optional_checkbox\" value=\"Aboneaza-te la newsletter-ul nostru pentru a afla noutati despre escape room si alte evenimente.\" \/>\r\n\t\t\t\t<span class=\"dae-shortcode-register-checkbox-text\">Aboneaza-te la newsletter-ul nostru pentru a afla noutati despre escape room si alte evenimente.<\/span>\r\n\t\t\t<\/p>\r\n\t\t\r\n\t\t\t\t\t\t<p>\r\n\t\t\t\t\t\t\t<input class=\"dae-shortcode-register-submit\" type=\"submit\" value=\"Trimite-mi CADOUL\" \/>\r\n\t\t\t\t\t\t<\/p>\r\n\t\t\t\t\t\t<p class=\"dae-shortcode-register-loading\">\r\n\t\t\t\t\t\t\t<i class=\"fas fa-spinner fa-spin\"><\/i>\r\n\t\t\t\t\t\t<\/p>\r\n\t\t\t\t\t<\/form>\r\n\t\t\t\t\t<p class=\"dae-shortcode-register-message\"><\/p>\r\n\t\t\t\t<\/div>\r\n\t\t\t<\/div>\r\n\t\t<\/div>\r\n\t <\/div>\n\t\t\t\t<\/div>\n\t\t\t\t<\/div>\n\t\t\t\t\t<\/div>\n\t\t<\/div>\n\t\t\t\t\t<\/div>\n\t\t<\/section>\n\t\t\t\t<\/div>\n\t\t","protected":false},"excerpt":{"rendered":"<p>Te-ai distrat tot anul? Acum e timpul pentru a reflecta Petrecerea de Anul Nou se apropie. Fie c\u0103 o petreci cu familia, prietenii sau la distan\u021b\u0103 de ace\u0219tia, cu siguran\u021b\u0103 vrei s\u0103 te distrezi. Descarc\u0103 Pachetul de jocuri, printeaz\u0103 jocurile pe foaie sau carton (dac\u0103 ai musafiri), sau folose\u0219te-le \u00een format digital pentru Zoom party.\u00a0 [&hellip;]<\/p>\n","protected":false},"author":20,"featured_media":0,"parent":1417,"menu_order":0,"comment_status":"closed","ping_status":"closed","template":"","meta":{"footnotes":""},"acf":[],"_links":{"self":[{"href":"https:\/\/thedungeon.ro\/en\/wp-json\/wp\/v2\/pages\/3769"}],"collection":[{"href":"https:\/\/thedungeon.ro\/en\/wp-json\/wp\/v2\/pages"}],"about":[{"href":"https:\/\/thedungeon.ro\/en\/wp-json\/wp\/v2\/types\/page"}],"author":[{"embeddable":true,"href":"https:\/\/thedungeon.ro\/en\/wp-json\/wp\/v2\/users\/20"}],"replies":[{"embeddable":true,"href":"https:\/\/thedungeon.ro\/en\/wp-json\/wp\/v2\/comments?post=3769"}],"version-history":[{"count":39,"href":"https:\/\/thedungeon.ro\/en\/wp-json\/wp\/v2\/pages\/3769\/revisions"}],"predecessor-version":[{"id":8630,"href":"https:\/\/thedungeon.ro\/en\/wp-json\/wp\/v2\/pages\/3769\/revisions\/8630"}],"up":[{"embeddable":true,"href":"https:\/\/thedungeon.ro\/en\/wp-json\/wp\/v2\/pages\/1417"}],"wp:attachment":[{"href":"https:\/\/thedungeon.ro\/en\/wp-json\/wp\/v2\/media?parent=3769"}],"curies":[{"name":"wp","href":"https:\/\/api.w.org\/{rel}","templated":true}]}}