{"id":6525,"date":"2024-06-21T18:50:49","date_gmt":"2024-06-21T15:50:49","guid":{"rendered":"https:\/\/thedungeon.ro\/?page_id=6525"},"modified":"2024-06-21T18:51:50","modified_gmt":"2024-06-21T15:51:50","slug":"regulament-eveniment-outdoor","status":"publish","type":"page","link":"https:\/\/thedungeon.ro\/en\/regulament-eveniment-outdoor\/","title":{"rendered":"Regulament eveniment outdoor"},"content":{"rendered":"\t\t<div data-elementor-type=\"wp-page\" data-elementor-id=\"6525\" class=\"elementor elementor-6525\">\n\t\t\t\t\t\t<section class=\"elementor-section elementor-top-section elementor-element elementor-element-245c79a elementor-section-boxed elementor-section-height-default elementor-section-height-default\" data-id=\"245c79a\" data-element_type=\"section\">\n\t\t\t\t\t\t<div class=\"elementor-container elementor-column-gap-default\">\n\t\t\t\t\t<div class=\"elementor-column elementor-col-100 elementor-top-column elementor-element elementor-element-19b13a6\" data-id=\"19b13a6\" data-element_type=\"column\">\n\t\t\t<div class=\"elementor-widget-wrap elementor-element-populated\">\n\t\t\t\t\t\t<div class=\"elementor-element elementor-element-6f45073 elementor-widget elementor-widget-heading\" data-id=\"6f45073\" data-element_type=\"widget\" data-widget_type=\"heading.default\">\n\t\t\t\t<div class=\"elementor-widget-container\">\n\t\t\t<style>\/*! elementor - v3.20.0 - 26-03-2024 *\/\n.elementor-heading-title{padding:0;margin:0;line-height:1}.elementor-widget-heading .elementor-heading-title[class*=elementor-size-]>a{color:inherit;font-size:inherit;line-height:inherit}.elementor-widget-heading .elementor-heading-title.elementor-size-small{font-size:15px}.elementor-widget-heading .elementor-heading-title.elementor-size-medium{font-size:19px}.elementor-widget-heading .elementor-heading-title.elementor-size-large{font-size:29px}.elementor-widget-heading .elementor-heading-title.elementor-size-xl{font-size:39px}.elementor-widget-heading .elementor-heading-title.elementor-size-xxl{font-size:59px}<\/style><h2 class=\"elementor-heading-title elementor-size-default\">REGULAMENT GENERAL al evenimentului outdoor<br><br>Escape the Haunted Forest<\/h2>\t\t<\/div>\n\t\t\t\t<\/div>\n\t\t\t\t\t<\/div>\n\t\t<\/div>\n\t\t\t\t\t<\/div>\n\t\t<\/section>\n\t\t\t\t<section class=\"elementor-section elementor-top-section elementor-element elementor-element-eb23657 elementor-section-boxed elementor-section-height-default elementor-section-height-default\" data-id=\"eb23657\" data-element_type=\"section\">\n\t\t\t\t\t\t<div class=\"elementor-container elementor-column-gap-default\">\n\t\t\t\t\t<div class=\"elementor-column elementor-col-100 elementor-top-column elementor-element elementor-element-9a0b28e\" data-id=\"9a0b28e\" data-element_type=\"column\">\n\t\t\t<div class=\"elementor-widget-wrap elementor-element-populated\">\n\t\t\t\t\t\t<div class=\"elementor-element elementor-element-ce7e647 elementor-widget elementor-widget-text-editor\" data-id=\"ce7e647\" data-element_type=\"widget\" data-widget_type=\"text-editor.default\">\n\t\t\t\t<div class=\"elementor-widget-container\">\n\t\t\t<style>\/*! elementor - v3.20.0 - 26-03-2024 *\/\n.elementor-widget-text-editor.elementor-drop-cap-view-stacked .elementor-drop-cap{background-color:#69727d;color:#fff}.elementor-widget-text-editor.elementor-drop-cap-view-framed .elementor-drop-cap{color:#69727d;border:3px solid;background-color:transparent}.elementor-widget-text-editor:not(.elementor-drop-cap-view-default) .elementor-drop-cap{margin-top:8px}.elementor-widget-text-editor:not(.elementor-drop-cap-view-default) .elementor-drop-cap-letter{width:1em;height:1em}.elementor-widget-text-editor .elementor-drop-cap{float:left;text-align:center;line-height:1;font-size:50px}.elementor-widget-text-editor .elementor-drop-cap-letter{display:inline-block}<\/style>\t\t\t\t<p>Prezentul regulament este conceput astfel \u00eenc\u00e2t evenimentele outdoor<br \/>desf\u0103\u0219urate de c\u0103tre The Dungeon s\u0103 se desf\u0103\u0219oare \u00een condi\u021bii de siguran\u021b\u0103, iar to\u021bi<br \/>participan\u021bii s\u0103 poat\u0103 beneficia de experien\u021b\u0103 la intensitate maxim\u0103, astfel,<br \/>regulamentul este elaborat \u00een interesul persoanelor care particip\u0103 la eveniment \u0219i pentru<br \/>buna desf\u0103\u0219urare a acestuia. Regulamentul este completat de regulamentele specifice<br \/>ale eveniementelor pe care le g\u0103si\u021bi la sf\u00e2r\u0219itul acestui document, dar \u0219i de documentele<br \/>pe care le \u00eent\u00e2lni\u021bi mai jos, prin parcurgerea textului.<br \/>Evenimentul este organizat\u0103 de PROJECT ONE SRL, care \u00ee\u0219i rezerv\u0103 dreptul de a<br \/>desf\u0103\u0219ura programele \u00een parteneriat cu alte organiza\u021bii (a se citi: firme, ONG-uri, institu\u021bii<br \/>de stat etc.), dac\u0103 este cazul, f\u0103r\u0103 a men\u021biona \u00een prezentul regulament sau anexe.<br \/>Participan\u021bii se oblig\u0103 s\u0103 respecte prezentul regulament \u0219i reglement\u0103rile \u00een<br \/>vigoare.<\/p><p>Defini\u021bii:<br \/>Evenimente Outdoor: Sunt acele evenimente marca The Dungeon care \u00eembin\u0103<br \/>elemente din urm\u0103toarele segmente: Treasure Hunt, probe de Escape Room, Provoc\u0103ri<br \/>etc. Acestea au ca particularitate faptul c\u0103 se desf\u0103\u0219oar\u0103 \u00een aer liber \u0219i au un fir<br \/>narativ bine stabilit, iar participan\u021bii au ca scop rezolvarea unei misiuni a c\u0103rei detalii<br \/>apar pe parcurs.<\/p><p>Participan\u021bi: Statutul de participant la evenimentele outdoor se poate ob\u021bine<br \/>fie prin c\u00e2\u0219tigarea unei invita\u021bii c\u00e2\u0219tigate la un concurs desf\u0103\u0219urat de c\u0103tre The Dungeon,<br \/>fie prin achitarea taxei de participare pentru evenimentul respectiv (fiecare participant \u00een<br \/>parte va trebui s\u0103 achite aceast\u0103 tax\u0103).<\/p><p>Pe l\u00e2ng\u0103 cele de mai sus, pentru a participa la un eveniment, sunt necesare \u00eendeplinirea<br \/>urm\u0103toarele condi\u021bii, toate cu caracter obligatoriu (nu se exclud \u0219i nu se \u00eenlocuiesc una<br \/>pe cealalt\u0103):<br \/>&#8211; completarea formularului de \u00eenscriere disponibil pe pagina dedicat\u0103 evenimentului \u0219i<br \/>men\u021bionarea num\u0103rului de persoane care vor face parte din echip\u0103.<br \/>&#8211; achitarea sumei corespunz\u0103toare numarului de persoane din echip\u0103, folosind linkul de<br \/>plat\u0103. Linkul de plat\u0103 va fi pus la dispozi\u021bia tuturor celor care au achizi\u021bionat bilete cu 48<br \/>de ore \u00eenainte de \u00eenceperea evenimentului. Plata poate fi f\u0103cut\u0103 oric\u00e2nd, dar nu mai<br \/>t\u00e2rziu de 12 ore de la \u00eenceperea evenimentului;<br \/>&#8211; \u00een orice echip\u0103 \u00een care este cel pu\u021bin un participant minor va trebui s\u0103 fie \u0219i cel pu\u021bin<br \/>un participant adult, fiind de datoria lui s\u0103 fac\u0103 rost de documentele necesare \u00een privin\u021ba<br \/>tutoriatului pe perioada evenimentului, dac\u0103 e cazul.<\/p><p>&#8211; biletele se achizi\u021bioneaz\u0103 pe persoan\u0103, astfel, dac\u0103 este o echip\u0103 de 3 persoane vor<br \/>trebui achizi\u021bionate 3 bilete, pentru 4 persoane 4 bilete etc.<br \/>*Echipele sunt create de participan\u021bi, The Dungeon nu-\u0219i asum\u0103 gruparea participan\u021bilor<br \/>pe echipe. Altfel spus, trebuie s\u0103 vii cu echipa ta.<\/p><p>Doar prin bifarea condi\u021biilor de mai sus se valideaz\u0103 \u00eenscrierea \u0219i participarea la<br \/>eveniment.<\/p><p>De asemenea, pentru buna desf\u0103\u0219urare a evenimentului \u0219i siguran\u021ba participan\u021bilor,<br \/>dar \u0219i pentru a beneficia la maximum de experien\u021ba propus\u0103, este obligatoriu s\u0103 se<br \/>respecte \u0219i urm\u0103toarele reguli:<br \/>1. Se va respecta distan\u021barea impus\u0103 de autori\u021b\u0103ri \u0219i oricare alte m\u0103suri care vor fi \u00een<br \/>vigoare la data evenimentului.<br \/>1a. Organizatorul nu \u00eencurajeaz\u0103 nerespectarea regulilor sau normelor legale pe tot<br \/>parcursul evenimentului. Astfel, evenimentul \u0219i desf\u0103\u0219urarea acestuia sunt conforme cu<br \/>legile \u00een vigoare \u0219i este de datoria participan\u021bilor s\u0103 nu se abat\u0103 de la cursul<br \/>evenimentului pentru a \u00eentreprinde alte activit\u0103\u021bi care nu sunt conforme cu prezentul<br \/>regulament sau cu legile \u00een vigoare.<br \/>2. Organizatorii vor fi prezen\u021bi fie sub form\u0103 de persoane de leg\u0103tur\u0103 fie \u00eendeplinind<br \/>ac\u021biuni de voluntariat. Respecta\u021bi indica\u021biile primite din partea acestora prin mijloacele<br \/>de leg\u0103tur\u0103 stabilite pentru a nu interfera cu buna desf\u0103\u0219urare a evenimentului.<\/p><p>Mijloacele de comunicare sunt<br \/>a) telefonic, prin intermediul numerelor de telefon puse la dispozi\u021bie de organizatori<br \/>\u0219i de participan\u021bi (la \u00eenscriere), \u00een cazul schimb\u0103rii acestuia, participan\u021bii vor anun\u021ba prin<br \/>e-mail (info@thedungeon.ro), schimbarea num\u0103rului de telefon.<br \/>b) prin intermediul aplica\u021biei whatsapp, folosind numerele de telefon puse la<br \/>dispozi\u021bie de organizator \u0219i de participan\u021bi (la \u00eenscriere), \u00een cazul schimb\u0103rii acestuia,<br \/>participan\u021bii vor anun\u021ba prin e-mail (info@thedungeon.ro), schimbarea num\u0103rului<br \/>de telefon.<br \/>c) prin e-mail, folosind adresa de e-mail (info@thedungeon.ro) din partea<br \/>organizatorilor \u0219i adresa pus\u0103 la dispozi\u021bie de participan\u021bi la \u00eenscriere.<br \/>d) prin intermediul persoanelor de leg\u0103tur\u0103 pe parcursul evenimentului.<br \/>e) prin intermediul obiectelor care vor fi g\u0103site pe toat\u0103 desf\u0103\u0219urarea evenimentului.<br \/>f) prin intermediul diverselor platforme, site-uri conturi online.<br \/>g) alte mijloace de care vor fi comunicate \u00een prealabil pe unul din canalele explicate<br \/>mai sus.<br \/>* prin toate canalele de mai sus, organizatorul va pune la dispozi\u021bie participan\u021bilor<br \/>instruc\u021biuni \u0219i indicii pentru desf\u0103\u0219urarea evenimentului, reguli \u0219i task-uri extra pentru<br \/>\u00eembun\u0103t\u0103\u021birea experien\u021bei.<br \/>** cu excep\u021bia punctelor d. \u0219i e. toate celelalte canale de comunicare pot fi folosite<br \/>pentru a transmite informa\u021bii relevante \u0219i \u00een afara evenimentului propriu zise (exemplu:<\/p><p>prezentul regulament, schimb\u0103ri de ore, loca\u021bii etc., alte informa\u021bii utile de ordin<br \/>general).<br \/>***accesul la internet va fi unul extrem de important at\u00e2t \u00eenainte de desf\u0103\u0219urarea<br \/>evenimentului, c\u00e2t \u0219i pe parcursul acestuia.<\/p><p>3. Sarcinile din cadrul evenimentului nu sunt cu caracter obligatoriu, dar pentru a<br \/>beneficia de o experien\u021b\u0103 integral\u0103, acestea sunt necesare, majoritatea fiind parte a unui<br \/>set care duce la un rezultat doar prin bifarea \u00eentregului traseu. Exist\u0103 un \u0219ir principal al<br \/>ac\u021biunii cu sarcini care sunt interdependente \u0219i vor ajuta la rezolvarea misiunii \u0219i o serie<br \/>de task-uri cu un nivel mai mic de implicare \u00een cadrul evenimentului, dar care dau o not\u0103<br \/>mai interesant\u0103 evenimentului. Este decizia fiec\u0103ruia \u00een ce task-uri se implic\u0103 \u0219i c\u00e2t de<br \/>mult vrea s\u0103 simt\u0103 experien\u021ba pus\u0103 la dispozi\u021bie, dar noi v\u0103 invit\u0103m s\u0103 le parcurge\u021bi pe<br \/>toate.<\/p><p>4. Dac\u0103 ve\u021bi considera c\u0103 un task v\u0103 duce \u00een afara prezentului regulament, condi\u021biei de<br \/>siguran\u021b\u0103 sau a normelor legale, v\u0103 rug\u0103m s\u0103 lua\u021bi leg\u0103tura cuorganizatorul\/organizatorii<br \/>pentru a clarifica acest aspect.<\/p><p>5. Organizatorul a conceput activit\u0103\u021bile astfel \u00eenc\u00e2t participan\u021bii s\u0103 le poat\u0103 parcurge \u00een<br \/>maxim\u0103 siguran\u021b\u0103. Modul \u00een care participan\u021bii le interpreteaz\u0103 cum se manifest\u0103 \u00eentre 2<br \/>puncte sau cum efectueaz\u0103 efectiv sarcinile adresate sunt exclusiv r\u0103spunderea<br \/>participantului, organizatorul \u00ee\u0219i declin\u0103 orice responsabilitate pentru orice accident ce<br \/>poate interveni. Consulta\u021bi sec\u021biunea recomand\u0103ri.<\/p><p>6. Violen\u021ba \u0219i agresivitatea, de orice fel (fizic\u0103, verbal\u0103) este complet interzis\u0103 cu orice<br \/>factori interni (membri ai propriei echipe, membri ai altor echipe, organizatori etc.) sau<br \/>externi (ter\u021bi care intr\u0103 involuntar \u00een contact cu evenimentul etc.) sunt strict interzise;<\/p><p>7. Deteriorarea obiectelor, fie cele din cadrul evenimentului (obiecte puse la dispozi\u021bie<br \/>de organizatori), fie cele care sunt ale domeniului public sau proprietate personal\u0103 ale altor<br \/>ter\u021bi care intr\u0103 \u00een contact cu evenimentul, cu sau f\u0103r\u0103 voia lor, este complet interzis\u0103. De<br \/>asemenea, organizatorul nu r\u0103spunde pentru obiectele personale ale participan\u021bilor.<br \/>Consulta\u021bi sec\u021biunea recomand\u0103ri;<\/p><p>8. Sunt interzise copierea, filmarea, \u00eenregistrarea, imortalizarea, transcrierea etc. pe<br \/>perioada desf\u0103\u0219ur\u0103rii evenimentului \u0219i a sarcinilor din cadrul acestuia. Pute\u021bi g\u0103si<br \/>excep\u021biile de la aceast\u0103 regul\u0103 , dac\u0103 exist\u0103, \u00een regulamentul specific al fiec\u0103rei<br \/>eveniment;<\/p><p>9. Participarea la eveniment este una benevol\u0103 a tuturor participan\u021bilor. Ace\u0219tia se oblig\u0103<br \/>s\u0103 nu se prezinte sub influen\u021ba b\u0103uturilor alcoolice sau a substan\u021belor halucinogene \u0219i s\u0103<br \/>nu consume pe parcursul evenimentului.<\/p><p>10. Participan\u021bii vor avea dezinfectant \u0219i masc\u0103 de potec\u021bie (masca de protec\u021bie este<br \/>obligatorie dac\u0103 intra\u021bi \u00een contact cu organizatorii).<\/p><p>11. Participan\u021bii pot primi, \u00een cazul \u00een care nu mai doresc s\u0103 participe la eveniment,<br \/>sumele achitate c\u0103tre providerul de servicii Netopia payments;<\/p><p>12. Organizatorii au urm\u0103toarele drepturi (p\u00e2n\u0103 la nivelul de \u00eendatoriri \u00een unele cazuri):<br \/>a) s\u0103 nu le permit\u0103 sau s\u0103 elimine din cadrul evenimentului persoanele care nu au dat\/au<br \/>dat curs par\u021bial criteriilor de validare a particip\u0103rii, persoanelor care nu respect\u0103<br \/>prezentul regulament sau doresc \u00een mod v\u0103dit s\u0103 \u00eencalce norme legale pe durata<br \/>evenimentului sau folosindu-se de pretextul evenimentului pentru a s\u0103v\u00e2r\u0219i fapte ilegale.<br \/>b) \u00een caz de for\u021b\u0103 major\u0103, sunt valabile urm\u0103toarele prevederi:<br \/>Prin situa\u021biile de for\u021b\u0103 major\u0103 se \u00een\u021belege orice eveniment care ar putea s\u0103 influen\u021beze<br \/>semnificativ desf\u0103\u0219urarea evenimentului: inunda\u021bii, furtuni, dezastre naturale sau<br \/>avertiz\u0103ri emise de organele \u0219i administra\u021biile competente (exemplu: cod portocaliu sau<br \/>ro\u0219u, poate \u0219i galben \u00een unele situa\u021bii), r\u0103zboaie, acte de terorism etc.<br \/>Evenimentul se va desf\u0103\u0219ura c\u00e2t timp condi\u021biile meteo \u0219i factorii ter\u021bi permit<br \/>desf\u0103\u0219urarea acestuia. \u00cen cazul anul\u0103rii evenimentului din orice motiv, organizatorul va<br \/>pune la dispozi\u021bia participan\u021bilor accesul la un alt eveniment similar \u00een cuantumul sumei<br \/>pl\u0103tite ini\u021bial.<\/p><p>Modific\u0103rile survenite \u00een urma deciziilor luate de organizatori \u00een contextul for\u021bei<br \/>majore vor fi anun\u021bate prin intermediul canalelor specificate la punctul 2 \u00eempreun\u0103 cu<br \/>2**.<\/p><p>\u00cen caz de for\u021b\u0103 major\u0103, organizatorul este obligat s\u0103 ia decizii de securitate asupra<br \/>desf\u0103\u0219ur\u0103rii evenimentului \u0219i participan\u021bilor. Astfel, poate lua decizii de modific\u0103ri de<br \/>program, am\u00e2n\u0103ri, anul\u0103ri etc. \u00cen acest caz, participan\u021bii care nu beneficiaz\u0103 de<br \/>experien\u021b\u0103, vor fi compensa\u021bi cu accesul la un eveniment similar.<\/p><p>\u00cen cazul \u00een care participan\u021bii nu mai doresc participarea la un alt eveniment (oferit sub<br \/>form\u0103 de compensa\u021bie), ace\u0219tia vor primi compensa\u021bii conform Politicii pentru<br \/>returnarea biletului a providerului de bilete.<\/p><p>\u00a0<\/p><p>Recomand\u0103ri:<br \/>Dorim sa va oferim o experienta captivanta, dar in acelasi timp, una care sa va confere siguranta.<br \/>Recomandarile noastre sunt:<\/p><p>Nu parasiti grupul, cu siguranta vreti sa va intoarceti la civilizatie.<br \/>Nu alergati, nu va grabiti, nu este o cursa contracronometru si fiecare persoana trebuie sa se<br \/>poata bucura de experienta oferita.<br \/>La Finish trebuie sa ajunga echipa completa, nu va despartiti pe traseu.<\/p><p>Pe durata \u00eentregului eveniment ne baz\u0103m pe principii de FAIR PLAY din partea tuturor<br \/>participan\u021bilor. Fiecare echip\u0103 trebuie s\u0103 fie liber\u0103 s\u0103 se bucure de experien\u021ba creat\u0103, astfel,<br \/>concentra\u021bi-v\u0103 pe comunicarea cu echipa voastr\u0103, rezolvarea indiciilor \u0219i pe DISTRAC\u021aIE.<\/p><p>Veniti pregatiti cu imbracaminte si incaltaminte adecvate mersului prin padure (bocanci,<br \/>pelerine in caz de ploaie, haine groase).<\/p><p>Lanternele\/frontalele si bateriile incarcate ar trebui sa fie de nelipsit; intrucat veti folosi gps-ul<br \/>si internetul, recomandam sa va asigurati ca nu ramaneti in bezna totala.<\/p><p>Bateria externa reprezinta un avantaj tactic. Asigura\u021bi-v\u0103 c\u0103 ave\u021bi access la internet.<\/p><p>Din cauza faptului ca suntem in padure, este posibil ca GPS-ul sa va indice punctul cautat cu<br \/>o eroare de 5-10 m. Asadar, inspectati zona pe o raza de 5-10 m in jurul punctului indicat.<\/p><p>Vom p\u0103stra leg\u0103tura cu voi pe durata evenimentului, folosind datele pe care ni le-a\u021bi furnizat;<br \/>in cazul in care nu gasiti un check-point, va putem indruma iar colegii nostri vor fi prezenti pe<br \/>traseu pentru a ghida.<\/p><p>Benzile rosu cu alb puse pe traseu va indica directia corecta si ca va aflati pe drumul cel bun.<br \/>Tot ce gasiti pe traseu, ramane pe traseu. Nu luati cu voi indiciile sau alte obiecte (le puteti<br \/>nota sau fotografia).<\/p><p>Timpul maxim alocat pentru parcurgerea traseului este de 1h 40 minute. In cazul in care va<br \/>blocati la un check-point mai mult de 15 minute, solicitati ajutorul, pentru a nu pierde timp.<\/p><p>Pentru orice intrebari aveti, ne puteti contacta la telefon 0785473278 (va sfatuim sa ne<br \/>adaugati pe Whatsapp pentru a va ghida mai facil, in eventualitatea in care ne furnizati locatia in<br \/>care va aflati).<\/p><p>V\u0103 recomand\u0103m s\u0103 purta\u021bi masca de protec\u021bie la \u00eentalnirea cu voluntarii. Echipa\u021bi-v\u0103 cu ap\u0103 potabil\u0103, spray pentru \u021b\u00e2n\u021bari, imbr\u0103c\u0103minte comod\u0103.<\/p><p>P\u0103stra\u021bi distan\u021ba fat\u0103 de alte echipe.<\/p><p>Jocul \u00eencepe la ora la care v-a\u021bi \u00eenscris.<\/p><p>Bucurati-va de natura.<\/p><p>In cazul in care nu se respecta regulile, nu ne asumam raspunderea pentru eventualele<br \/>neplaceri. Stay safe!<\/p><p>\u00a0<\/p><p>ACORD GDPR<br \/>\u00cen acest sens, participan\u0163ii la eveniment \u00ee\u015fi exprim\u0103 acordul prelucr\u0103rii datelor personale \u00een mod<br \/>categoric prin simpla participare la eveniment. Datele care vor fi prelucrate de Organizator sunt<br \/>numele, prenumele si num\u0103rul de telefon al persoanelor responsabile de fiecare echipa. Acestedate vor si folosite doar cu scopul mentinerii legaturii pe durata evenimentului, pentru bunadesfasurare a acestuia si pentru siguranta participantilor. Organizatorul va respecta toateobliga\u0163iile prevazute de Regulamentul European privind protectia datelor personale.<br \/>Organizatorul se oblig\u0103 s\u0103 respecte dispozi\u021biile legale privind protec\u021bia datelor cu caracter<br \/>personal.<\/p><p>Elaborat la: 08.07.2020<\/p><p>PROJECT ONE SRL<br \/>J12\/2789\/2013<br \/>CUI 32226341<br \/>Tel: 0785 473 278<\/p>\t\t\t\t\t\t<\/div>\n\t\t\t\t<\/div>\n\t\t\t\t\t<\/div>\n\t\t<\/div>\n\t\t\t\t\t<\/div>\n\t\t<\/section>\n\t\t\t\t<\/div>\n\t\t","protected":false},"excerpt":{"rendered":"<p>REGULAMENT GENERAL al evenimentului outdoor Escape the Haunted Forest Prezentul regulament este conceput astfel \u00eenc\u00e2t evenimentele outdoordesf\u0103\u0219urate de c\u0103tre The Dungeon s\u0103 se desf\u0103\u0219oare \u00een condi\u021bii de siguran\u021b\u0103, iar to\u021biparticipan\u021bii s\u0103 poat\u0103 beneficia de experien\u021b\u0103 la intensitate maxim\u0103, astfel,regulamentul este elaborat \u00een interesul persoanelor care particip\u0103 la eveniment \u0219i pentrubuna desf\u0103\u0219urare a acestuia. Regulamentul este [&hellip;]<\/p>\n","protected":false},"author":1,"featured_media":0,"parent":0,"menu_order":0,"comment_status":"closed","ping_status":"closed","template":"","meta":{"footnotes":""},"acf":[],"_links":{"self":[{"href":"https:\/\/thedungeon.ro\/en\/wp-json\/wp\/v2\/pages\/6525"}],"collection":[{"href":"https:\/\/thedungeon.ro\/en\/wp-json\/wp\/v2\/pages"}],"about":[{"href":"https:\/\/thedungeon.ro\/en\/wp-json\/wp\/v2\/types\/page"}],"author":[{"embeddable":true,"href":"https:\/\/thedungeon.ro\/en\/wp-json\/wp\/v2\/users\/1"}],"replies":[{"embeddable":true,"href":"https:\/\/thedungeon.ro\/en\/wp-json\/wp\/v2\/comments?post=6525"}],"version-history":[{"count":13,"href":"https:\/\/thedungeon.ro\/en\/wp-json\/wp\/v2\/pages\/6525\/revisions"}],"predecessor-version":[{"id":6571,"href":"https:\/\/thedungeon.ro\/en\/wp-json\/wp\/v2\/pages\/6525\/revisions\/6571"}],"wp:attachment":[{"href":"https:\/\/thedungeon.ro\/en\/wp-json\/wp\/v2\/media?parent=6525"}],"curies":[{"name":"wp","href":"https:\/\/api.w.org\/{rel}","templated":true}]}}