{"id":8718,"date":"2026-02-10T10:41:25","date_gmt":"2026-02-10T08:41:25","guid":{"rendered":"https:\/\/thedungeon.ro\/?page_id=8718"},"modified":"2026-02-10T10:44:18","modified_gmt":"2026-02-10T08:44:18","slug":"elementor-8718","status":"publish","type":"page","link":"https:\/\/thedungeon.ro\/en\/blog\/elementor-8718\/","title":{"rendered":"Escape room pentru familii: cum joaca ne conecteaz\u0103 \u0219i une\u0219te genera\u021biile"},"content":{"rendered":"\t\t<div data-elementor-type=\"wp-page\" data-elementor-id=\"8718\" class=\"elementor elementor-8718\">\n\t\t\t\t\t\t<section class=\"elementor-section elementor-top-section elementor-element elementor-element-af53eff elementor-section-boxed elementor-section-height-default elementor-section-height-default\" data-id=\"af53eff\" data-element_type=\"section\">\n\t\t\t\t\t\t<div class=\"elementor-container elementor-column-gap-default\">\n\t\t\t\t\t<div class=\"elementor-column elementor-col-100 elementor-top-column elementor-element elementor-element-1bbe193\" data-id=\"1bbe193\" data-element_type=\"column\">\n\t\t\t<div class=\"elementor-widget-wrap elementor-element-populated\">\n\t\t\t\t\t\t<div class=\"elementor-element elementor-element-6c11d8f elementor-widget elementor-widget-text-editor\" data-id=\"6c11d8f\" data-element_type=\"widget\" data-widget_type=\"text-editor.default\">\n\t\t\t\t<div class=\"elementor-widget-container\">\n\t\t\t<style>\/*! elementor - v3.20.0 - 26-03-2024 *\/\n.elementor-widget-text-editor.elementor-drop-cap-view-stacked .elementor-drop-cap{background-color:#69727d;color:#fff}.elementor-widget-text-editor.elementor-drop-cap-view-framed .elementor-drop-cap{color:#69727d;border:3px solid;background-color:transparent}.elementor-widget-text-editor:not(.elementor-drop-cap-view-default) .elementor-drop-cap{margin-top:8px}.elementor-widget-text-editor:not(.elementor-drop-cap-view-default) .elementor-drop-cap-letter{width:1em;height:1em}.elementor-widget-text-editor .elementor-drop-cap{float:left;text-align:center;line-height:1;font-size:50px}.elementor-widget-text-editor .elementor-drop-cap-letter{display:inline-block}<\/style>\t\t\t\t<p>\u00centr-o lume \u00een care timpul petrecut \u00eempreun\u0103 este tot mai fragmentat de ecrane, program \u00eenc\u0103rcat \u0219i aten\u021bie dispersat\u0103, <b>activit\u0103\u021bile pentru familii care creeaz\u0103 conexiune real\u0103<\/b> devin din ce \u00een ce mai valoroase.<br \/>Un escape room nu este doar un joc. Este o <b>experien\u021b\u0103 comun\u0103<\/b>, un spa\u021biu \u00een care copii, p\u0103rin\u021bi \u0219i bunici ajung s\u0103 colaboreze, s\u0103 comunice \u0219i s\u0103 se descopere altfel.<\/p>\t\t\t\t\t\t<\/div>\n\t\t\t\t<\/div>\n\t\t\t\t\t<\/div>\n\t\t<\/div>\n\t\t\t\t\t<\/div>\n\t\t<\/section>\n\t\t\t\t<section class=\"elementor-section elementor-top-section elementor-element elementor-element-1c56b71 elementor-section-boxed elementor-section-height-default elementor-section-height-default\" data-id=\"1c56b71\" data-element_type=\"section\">\n\t\t\t\t\t\t<div class=\"elementor-container elementor-column-gap-default\">\n\t\t\t\t\t<div class=\"elementor-column elementor-col-100 elementor-top-column elementor-element elementor-element-281a89c\" data-id=\"281a89c\" data-element_type=\"column\">\n\t\t\t<div class=\"elementor-widget-wrap elementor-element-populated\">\n\t\t\t\t\t\t<div class=\"elementor-element elementor-element-6744a91 elementor-widget elementor-widget-heading\" data-id=\"6744a91\" data-element_type=\"widget\" data-widget_type=\"heading.default\">\n\t\t\t\t<div class=\"elementor-widget-container\">\n\t\t\t<style>\/*! elementor - v3.20.0 - 26-03-2024 *\/\n.elementor-heading-title{padding:0;margin:0;line-height:1}.elementor-widget-heading .elementor-heading-title[class*=elementor-size-]>a{color:inherit;font-size:inherit;line-height:inherit}.elementor-widget-heading .elementor-heading-title.elementor-size-small{font-size:15px}.elementor-widget-heading .elementor-heading-title.elementor-size-medium{font-size:19px}.elementor-widget-heading .elementor-heading-title.elementor-size-large{font-size:29px}.elementor-widget-heading .elementor-heading-title.elementor-size-xl{font-size:39px}.elementor-widget-heading .elementor-heading-title.elementor-size-xxl{font-size:59px}<\/style><h2 class=\"elementor-heading-title elementor-size-default\">O poveste din primul escape room din Cluj-Napoca<\/h2>\t\t<\/div>\n\t\t\t\t<\/div>\n\t\t\t\t\t<\/div>\n\t\t<\/div>\n\t\t\t\t\t<\/div>\n\t\t<\/section>\n\t\t\t\t<section class=\"elementor-section elementor-top-section elementor-element elementor-element-3eae495 elementor-section-boxed elementor-section-height-default elementor-section-height-default\" data-id=\"3eae495\" data-element_type=\"section\">\n\t\t\t\t\t\t<div class=\"elementor-container elementor-column-gap-default\">\n\t\t\t\t\t<div class=\"elementor-column elementor-col-100 elementor-top-column elementor-element elementor-element-4b7fddb\" data-id=\"4b7fddb\" data-element_type=\"column\">\n\t\t\t<div class=\"elementor-widget-wrap elementor-element-populated\">\n\t\t\t\t\t\t<div class=\"elementor-element elementor-element-38ee087 elementor-widget elementor-widget-text-editor\" data-id=\"38ee087\" data-element_type=\"widget\" data-widget_type=\"text-editor.default\">\n\t\t\t\t<div class=\"elementor-widget-container\">\n\t\t\t\t\t\t\t<p>Ne \u00eentoarcem \u00een timp, \u00een prima noastr\u0103 loca\u021bie de escape room, prin 2013\u20132014.<br \/>\u00centr-o zi, un bunic ne-a f\u0103cut o cerere neobi\u0219nuit\u0103: s\u0103 \u00eei \u201eprelu\u0103m\u201d nepotul \u0219i familia de la cafeneaua de deasupra, sub pretextul unei vizite la cram\u0103 sau la o expozi\u021bie. Motivul era irelevant \u2014 povestea urma s\u0103 \u00eenceap\u0103 \u00een subsol, acolo unde se afla primul escape room din Cluj-Napoca.<\/p><p>Planul? S\u0103 intre \u201edoar s\u0103 vad\u0103\u201d, iar apoi u\u0219a s\u0103 se \u00eenchid\u0103 \u00een urma lor.<br \/>A\u0219a a luat na\u0219tere <b>primul joc transgenera\u021bional<\/b>: nu doar o surpriz\u0103, ci o experien\u021b\u0103 de mister, joac\u0103 \u0219i conectare.<\/p>\t\t\t\t\t\t<\/div>\n\t\t\t\t<\/div>\n\t\t\t\t\t<\/div>\n\t\t<\/div>\n\t\t\t\t\t<\/div>\n\t\t<\/section>\n\t\t\t\t<section class=\"elementor-section elementor-top-section elementor-element elementor-element-ceb43a7 elementor-section-boxed elementor-section-height-default elementor-section-height-default\" data-id=\"ceb43a7\" data-element_type=\"section\">\n\t\t\t\t\t\t<div class=\"elementor-container elementor-column-gap-default\">\n\t\t\t\t\t<div class=\"elementor-column elementor-col-100 elementor-top-column elementor-element elementor-element-ad0dfe4\" data-id=\"ad0dfe4\" data-element_type=\"column\">\n\t\t\t<div class=\"elementor-widget-wrap elementor-element-populated\">\n\t\t\t\t\t\t<div class=\"elementor-element elementor-element-8fbd60c elementor-widget elementor-widget-heading\" data-id=\"8fbd60c\" data-element_type=\"widget\" data-widget_type=\"heading.default\">\n\t\t\t\t<div class=\"elementor-widget-container\">\n\t\t\t<h2 class=\"elementor-heading-title elementor-size-default\">Escape room Cluj: activitate pentru familii cu copii \u0219i adolescen\u021bi\n<\/h2>\t\t<\/div>\n\t\t\t\t<\/div>\n\t\t\t\t\t<\/div>\n\t\t<\/div>\n\t\t\t\t\t<\/div>\n\t\t<\/section>\n\t\t\t\t<section class=\"elementor-section elementor-top-section elementor-element elementor-element-147956e elementor-section-boxed elementor-section-height-default elementor-section-height-default\" data-id=\"147956e\" data-element_type=\"section\">\n\t\t\t\t\t\t<div class=\"elementor-container elementor-column-gap-default\">\n\t\t\t\t\t<div class=\"elementor-column elementor-col-100 elementor-top-column elementor-element elementor-element-43ebcf4\" data-id=\"43ebcf4\" data-element_type=\"column\">\n\t\t\t<div class=\"elementor-widget-wrap elementor-element-populated\">\n\t\t\t\t\t\t<div class=\"elementor-element elementor-element-213064e elementor-widget elementor-widget-text-editor\" data-id=\"213064e\" data-element_type=\"widget\" data-widget_type=\"text-editor.default\">\n\t\t\t\t<div class=\"elementor-widget-container\">\n\t\t\t\t\t\t\t<p>De atunci \u0219i p\u00e2n\u0103 azi, <b>sute de familii<\/b> ne-au trecut pragul:<br \/>\u2013 copii de 5 ani<br \/>\u2013 adolescen\u021bi<br \/>\u2013 p\u0103rin\u021bi<br \/>\u2013 bunici de 60+<\/p><p>To\u021bi cu aceea\u0219i dorin\u021b\u0103: <b>o activitate de familie diferit\u0103<\/b>, \u00een care s\u0103 fie cu adev\u0103rat prezen\u021bi unii pentru al\u021bii.<\/p><p>\u0218i este fascinant s\u0103 observi cum fiecare genera\u021bie se raporteaz\u0103 diferit la joc.<\/p><h2><b>Cum joac\u0103 bunicii la escape room?<\/b><\/h2><p>La \u00eenceput, pot p\u0103rea sceptici. Analizeaz\u0103 spa\u021biul, vor s\u0103 \u00een\u021beleag\u0103 regulile, privesc atent fiecare detaliu.<br \/>Apoi se \u00eent\u00e2mpl\u0103 ceva interesant: rezolv\u0103 puzzle-urile <b>pas cu pas<\/b>, cu r\u0103bdare \u0219i logic\u0103. Nu caut\u0103 solu\u021bii rapide, ci \u00een\u021belegerea mecanismului din spatele fiec\u0103rui indiciu.<\/p><h2><b>Cum se descurc\u0103 p\u0103rin\u021bii la escape room?<\/b><\/h2><p>Aici apar dou\u0103 tipologii clare:<\/p><h3><b>P\u0103rintele care caut\u0103 conectare<\/b><\/h3><p>\u2013 sus\u021bine ini\u021biativa copilului<br \/>\u2013 comunic\u0103 \u0219i \u00eencurajeaz\u0103<br \/>\u2013 ofer\u0103 spa\u021biu de explorare<br \/>\u2013 renun\u021b\u0103 la control \u0219i ego<\/p><h3><b>P\u0103rintele-lider (competitiv)<\/b><\/h3><p>\u2013 vrea s\u0103 rezolve tot<br \/>\u2013 preia controlul<br \/>\u2013 intr\u0103 \u00een competi\u021bie cu ceilal\u021bi<\/p><p>De cele mai multe ori, aceast\u0103 abordare duce la frustrare. Feedbackul nostru sincer este simplu: <b>escape room-ul nu este despre a c\u00e2\u0219tiga, ci despre a crea amintiri comune<\/b>.<\/p>\t\t\t\t\t\t<\/div>\n\t\t\t\t<\/div>\n\t\t\t\t\t<\/div>\n\t\t<\/div>\n\t\t\t\t\t<\/div>\n\t\t<\/section>\n\t\t\t\t<section class=\"elementor-section elementor-top-section elementor-element elementor-element-616fe9b elementor-section-boxed elementor-section-height-default elementor-section-height-default\" data-id=\"616fe9b\" data-element_type=\"section\">\n\t\t\t\t\t\t<div class=\"elementor-container elementor-column-gap-default\">\n\t\t\t\t\t<div class=\"elementor-column elementor-col-100 elementor-top-column elementor-element elementor-element-a534244\" data-id=\"a534244\" data-element_type=\"column\">\n\t\t\t<div class=\"elementor-widget-wrap elementor-element-populated\">\n\t\t\t\t\t\t<div class=\"elementor-element elementor-element-cb80ffc elementor-widget elementor-widget-heading\" data-id=\"cb80ffc\" data-element_type=\"widget\" data-widget_type=\"heading.default\">\n\t\t\t\t<div class=\"elementor-widget-container\">\n\t\t\t<h2 class=\"elementor-heading-title elementor-size-default\">Escape room-ul poate deveni o lec\u021bie valoroas\u0103 de comunicare \u0219i colaborare \u00een familie. Vezi ce tip de experien\u021b\u0103 de familie am creat \u0219i cum poate ar\u0103ta urm\u0103toarea voastr\u0103 aventur\u0103.\n<\/h2>\t\t<\/div>\n\t\t\t\t<\/div>\n\t\t\t\t\t<\/div>\n\t\t<\/div>\n\t\t\t\t\t<\/div>\n\t\t<\/section>\n\t\t\t\t<section class=\"elementor-section elementor-top-section elementor-element elementor-element-72ed340 elementor-section-boxed elementor-section-height-default elementor-section-height-default\" data-id=\"72ed340\" data-element_type=\"section\">\n\t\t\t\t\t\t<div class=\"elementor-container elementor-column-gap-default\">\n\t\t\t\t\t<div class=\"elementor-column elementor-col-100 elementor-top-column elementor-element elementor-element-e3ef970\" data-id=\"e3ef970\" data-element_type=\"column\">\n\t\t\t<div class=\"elementor-widget-wrap elementor-element-populated\">\n\t\t\t\t\t\t<div class=\"elementor-element elementor-element-6060856 elementor-widget elementor-widget-escapium-rooms\" data-id=\"6060856\" data-element_type=\"widget\" data-widget_type=\"escapium-rooms.default\">\n\t\t\t\t<div class=\"elementor-widget-container\">\n\t\t\t\t\t\n\t\t<!-- Rooms List -->\n\t\t<div class=\"rooms rooms--list js-rooms\" data-is-hash=\"no-hash\" data-filter-all=\"all\">\n\t\t\n<article class=\"room room--category-mediu\">\n\t<div class=\"room__body box\">\n\t\t<!-- Header -->\n\t\t<header class=\"room__header\">\n\n\t\t\t\n\t<!-- Rating -->\n\t<div class=\"room__complexity rating-icons\">\n\t\t<div class=\"rating-icons__placeholder\">\n\t\t\t<i class=\"ion-locked\"><\/i><i class=\"ion-locked\"><\/i><i class=\"ion-locked\"><\/i><i class=\"ion-locked\"><\/i><i class=\"ion-locked\"><\/i>\t\t<\/div>\n\t\t<div class=\"rating-icons__active\">\n\t\t\t<i class=\"ion-locked\"><\/i><i class=\"ion-locked\"><\/i><i class=\"ion-locked\"><\/i><i class=\"ion-locked\"><\/i>\t\t<\/div>\n\t<\/div>\n\t<!-- Rating \/ End -->\n\t\t\t\n\t\t\t<!-- Title -->\n\t\t\t<h2 class=\"room__title\"><a href=\"https:\/\/thedungeon.ro\/en\/rooms\/butcher\/\">The Butcher<\/a><\/h2>\n\t\t\t<!-- Title \/ End -->\n\t\t\t\n\t\t\t\n<!-- Meta -->\n<div class=\"room__meta\">\n\n\t\t\t<div class=\"room__meta-item\">\n\t\t\t<i class=\"ion-person-stalker\"><\/i> 2-6\t\t<\/div>\n\t\n\t\t\t<div class=\"room__meta-item\">\n\t\t\t<i class=\"icon-clock\"><\/i> 60\t\t<\/div>\n\t\n\t\t\t<div class=\"room__meta-item\">\n\t\t\t<i class=\"ion-location\"><\/i> str. Observatorului, nr. 90\t\t<\/div>\n\t\n<\/div>\n<!-- Meta \/ End -->\n\n\t\t<\/header>\n\t\t<!-- Header \/ End -->\n\t\t<!-- Excerpt -->\n\t\t<div class=\"room__excerpt\">\n\t\t\t\u00cen lumea crimei organizate, dou\u0103 grupuri mafiote rivale lupt\u0103 pentru controlul ora\u0219ului. Juc\u0103torii apar\u021bin unui grup formidabil, cunoscut pentru... \t\t\t\n\t\t<\/div>\n\t\t<!-- Excerpt \/ End -->\n\t\t<!-- Read More -->\n\t\t<footer class=\"room__footer\">\n\t\t\t<a href=\"https:\/\/thedungeon.ro\/en\/rooms\/butcher\/\" class=\"btn btn-primary\">Read More<\/a>\n\t\t<\/footer>\n\t\t<!-- Read More \/ End -->\n\t<\/div>\n\t<!-- Image -->\n\t<figure class=\"room__img\">\n\t\t<a href=\"https:\/\/thedungeon.ro\/en\/rooms\/butcher\/\"><img fetchpriority=\"high\" decoding=\"async\" width=\"557\" height=\"400\" src=\"https:\/\/thedungeon.ro\/wp-content\/uploads\/2018\/11\/room-9-557x400.jpg\" class=\"attachment-escapium_thumbnail-rooms-list size-escapium_thumbnail-rooms-list\" alt=\"\" title=\"\"><\/a>\n\t<\/figure>\n\t<!-- Image \/ End -->\n<\/article>\n\n<article class=\"room room--category-joc-de-nivel-de-dificultate-ridicata\">\n\t<div class=\"room__body box\">\n\t\t<!-- Header -->\n\t\t<header class=\"room__header\">\n\n\t\t\t\n\t<!-- Rating -->\n\t<div class=\"room__complexity rating-icons\">\n\t\t<div class=\"rating-icons__placeholder\">\n\t\t\t<i class=\"ion-locked\"><\/i><i class=\"ion-locked\"><\/i><i class=\"ion-locked\"><\/i><i class=\"ion-locked\"><\/i><i class=\"ion-locked\"><\/i>\t\t<\/div>\n\t\t<div class=\"rating-icons__active\">\n\t\t\t<i class=\"ion-locked\"><\/i><i class=\"ion-locked\"><\/i><i class=\"ion-locked\"><\/i><i class=\"ion-locked\"><\/i>\t\t<\/div>\n\t<\/div>\n\t<!-- Rating \/ End -->\n\t\t\t\n\t\t\t<!-- Title -->\n\t\t\t<h2 class=\"room__title\"><a href=\"https:\/\/thedungeon.ro\/en\/rooms\/thebunker\/\">The Bunker<\/a><\/h2>\n\t\t\t<!-- Title \/ End -->\n\t\t\t\n\t\t\t\n<!-- Meta -->\n<div class=\"room__meta\">\n\n\t\t\t<div class=\"room__meta-item\">\n\t\t\t<i class=\"ion-person-stalker\"><\/i> 2-6\t\t<\/div>\n\t\n\t\t\t<div class=\"room__meta-item\">\n\t\t\t<i class=\"icon-clock\"><\/i> 60\t\t<\/div>\n\t\n\t\t\t<div class=\"room__meta-item\">\n\t\t\t<i class=\"ion-location\"><\/i> str. Observatorului, nr. 90\t\t<\/div>\n\t\n<\/div>\n<!-- Meta \/ End -->\n\n\t\t<\/header>\n\t\t<!-- Header \/ End -->\n\t\t<!-- Excerpt -->\n\t\t<div class=\"room__excerpt\">\n\t\t\tTu \u0219i prietenii t\u0103i activati \u00een ultima baz\u0103 NATO, r\u0103mas\u0103 \u00een calea inamicilor. Ace\u0219tia se aproprie iar resursele voastre... \t\t\t\n\t\t<\/div>\n\t\t<!-- Excerpt \/ End -->\n\t\t<!-- Read More -->\n\t\t<footer class=\"room__footer\">\n\t\t\t<a href=\"https:\/\/thedungeon.ro\/en\/rooms\/thebunker\/\" class=\"btn btn-primary\">Read More<\/a>\n\t\t<\/footer>\n\t\t<!-- Read More \/ End -->\n\t<\/div>\n\t<!-- Image -->\n\t<figure class=\"room__img\">\n\t\t<a href=\"https:\/\/thedungeon.ro\/en\/rooms\/thebunker\/\"><img decoding=\"async\" width=\"557\" height=\"400\" src=\"https:\/\/thedungeon.ro\/wp-content\/uploads\/2018\/09\/room-7-557x400.jpg\" class=\"attachment-escapium_thumbnail-rooms-list size-escapium_thumbnail-rooms-list\" alt=\"\" srcset=\"https:\/\/thedungeon.ro\/wp-content\/uploads\/2018\/09\/room-7-557x400.jpg 557w, https:\/\/thedungeon.ro\/wp-content\/uploads\/2018\/09\/room-7-600x431.jpg 600w, https:\/\/thedungeon.ro\/wp-content\/uploads\/2018\/09\/room-7-300x215.jpg 300w, https:\/\/thedungeon.ro\/wp-content\/uploads\/2018\/09\/room-7-768x551.jpg 768w, https:\/\/thedungeon.ro\/wp-content\/uploads\/2018\/09\/room-7.jpg 900w\" sizes=\"(max-width: 557px) 100vw, 557px\" title=\"\"><\/a>\n\t<\/figure>\n\t<!-- Image \/ End -->\n<\/article>\n\t\t<\/div>\n\t\t<!-- Rooms List \/ End -->\n\t\t\n\t\t\t\t<\/div>\n\t\t\t\t<\/div>\n\t\t\t\t\t<\/div>\n\t\t<\/div>\n\t\t\t\t\t<\/div>\n\t\t<\/section>\n\t\t\t\t<section class=\"elementor-section elementor-top-section elementor-element elementor-element-02683d6 elementor-section-boxed elementor-section-height-default elementor-section-height-default\" data-id=\"02683d6\" data-element_type=\"section\">\n\t\t\t\t\t\t<div class=\"elementor-container elementor-column-gap-default\">\n\t\t\t\t\t<div class=\"elementor-column elementor-col-100 elementor-top-column elementor-element elementor-element-ec71f67\" data-id=\"ec71f67\" data-element_type=\"column\">\n\t\t\t<div class=\"elementor-widget-wrap elementor-element-populated\">\n\t\t\t\t\t\t<div class=\"elementor-element elementor-element-930e583 elementor-widget elementor-widget-text-editor\" data-id=\"930e583\" data-element_type=\"widget\" data-widget_type=\"text-editor.default\">\n\t\t\t\t<div class=\"elementor-widget-container\">\n\t\t\t\t\t\t\t<h2><b>Cum joac\u0103 copiii \u0219i adolescen\u021bii la escape room?<\/b><\/h2><p>Copiii sunt curio\u0219i, rapizi, energici. Sar de la un indiciu la altul, par haotici, dar au o inteligen\u021b\u0103 intuitiv\u0103 remarcabil\u0103.<br \/>Rolul adul\u021bilor este esen\u021bial: s\u0103 aduc\u0103 structur\u0103, s\u0103 canalizeze entuziasmul \u0219i s\u0103 \u00eei ajute s\u0103 se conecteze la scopul jocului.<\/p><p>Pentru adolescen\u021bi, escape room-ul este una dintre cele mai potrivite <b>activit\u0103\u021bi offline<\/b>: \u00eei provoac\u0103 intelectual, le valideaz\u0103 autonomia \u0219i \u00eei scoate din rutina digital\u0103.<\/p><h2><b>De ce escape room-ul este una dintre cele mai bune activit\u0103\u021bi pentru familii?<\/b><\/h2><p>\u2714 implic\u0103 fiecare membru al familiei<br \/>\u2714 stimuleaz\u0103 comunicarea<br \/>\u2714 dezvolt\u0103 g\u00e2ndirea logic\u0103<br \/>\u2714 creeaz\u0103 \u201ecore memories\u201d<br \/>\u2714 este o alternativ\u0103 real\u0103 la ecrane<\/p><p>\u00centr-un escape room, <b>nu mai este unul contra celuilalt<\/b>. Este echipa contra provoc\u0103rii din poveste.<\/p><h2><b>Activit\u0103\u021bi pentru familii \u00een Cluj-Napoca<\/b><\/h2><p>Dac\u0103 e\u0219ti \u00een c\u0103utarea unor <b>activit\u0103\u021bi pentru familii cu copii \u00een Cluj<\/b>, fie pentru timp de calitate, fie pentru o <b>surpriz\u0103 de zi de na\u0219tere<\/b>, un escape room poate fi exact ce cau\u021bi.<\/p><p>La <b>The Dungeon<\/b>, adapt\u0103m experien\u021ba \u00een func\u021bie de v\u00e2rst\u0103, dinamic\u0103 \u0219i energie, astfel \u00eenc\u00e2t fiecare membru al familiei s\u0103 se simt\u0103 implicat.<\/p>\t\t\t\t\t\t<\/div>\n\t\t\t\t<\/div>\n\t\t\t\t\t<\/div>\n\t\t<\/div>\n\t\t\t\t\t<\/div>\n\t\t<\/section>\n\t\t\t\t<section class=\"elementor-section elementor-top-section elementor-element elementor-element-277afa0 elementor-section-boxed elementor-section-height-default elementor-section-height-default\" data-id=\"277afa0\" data-element_type=\"section\">\n\t\t\t\t\t\t<div class=\"elementor-container elementor-column-gap-default\">\n\t\t\t\t\t<div class=\"elementor-column elementor-col-100 elementor-top-column elementor-element elementor-element-395f5da\" data-id=\"395f5da\" data-element_type=\"column\">\n\t\t\t<div class=\"elementor-widget-wrap elementor-element-populated\">\n\t\t\t\t\t\t<div class=\"elementor-element elementor-element-663f87b elementor-widget elementor-widget-text-editor\" data-id=\"663f87b\" data-element_type=\"widget\" data-widget_type=\"text-editor.default\">\n\t\t\t\t<div class=\"elementor-widget-container\">\n\t\t\t\t\t\t\t<h4>Descoper\u0103 aventura potrivit\u0103 pentru familia ta: consult\u0103 camerele noastre de escape room \u0219i programeaz\u0103 o experien\u021b\u0103 memorabil\u0103. Timp de calitate, provoc\u0103ri pentru toate v\u00e2rstele \u0219i amintiri care r\u0103m\u00e2n peste ani.<\/h4>\t\t\t\t\t\t<\/div>\n\t\t\t\t<\/div>\n\t\t\t\t\t<\/div>\n\t\t<\/div>\n\t\t\t\t\t<\/div>\n\t\t<\/section>\n\t\t\t\t<section class=\"elementor-section elementor-top-section elementor-element elementor-element-9ac2482 elementor-section-boxed elementor-section-height-default elementor-section-height-default\" data-id=\"9ac2482\" data-element_type=\"section\">\n\t\t\t\t\t\t<div class=\"elementor-container elementor-column-gap-default\">\n\t\t\t\t\t<div class=\"elementor-column elementor-col-100 elementor-top-column elementor-element elementor-element-4525606\" data-id=\"4525606\" data-element_type=\"column\">\n\t\t\t<div class=\"elementor-widget-wrap elementor-element-populated\">\n\t\t\t\t\t\t<div class=\"elementor-element elementor-element-74872cb elementor-widget elementor-widget-esc-button\" data-id=\"74872cb\" data-element_type=\"widget\" data-widget_type=\"esc-button.default\">\n\t\t\t\t<div class=\"elementor-widget-container\">\n\t\t\t\n\t\t<a href=\"https:\/\/thedungeon.ro\/booking\" class=\"btn  btn-primary\" href=\"https:\/\/thedungeon.ro\/booking\" target=\"_blank\" rel=\"nofollow\"href=\"https:\/\/thedungeon.ro\/booking\" target=\"_blank\" rel=\"nofollow\">\n\t\t\t\t\t\tRezerv\u0103 aventura\t\t<\/a>\n\n\t\t\t\t<\/div>\n\t\t\t\t<\/div>\n\t\t\t\t\t<\/div>\n\t\t<\/div>\n\t\t\t\t\t<\/div>\n\t\t<\/section>\n\t\t\t\t<\/div>\n\t\t","protected":false},"excerpt":{"rendered":"<p>\u00centr-o lume \u00een care timpul petrecut \u00eempreun\u0103 este tot mai fragmentat de ecrane, program \u00eenc\u0103rcat \u0219i aten\u021bie dispersat\u0103, activit\u0103\u021bile pentru familii care creeaz\u0103 conexiune real\u0103 devin din ce \u00een ce mai valoroase.Un escape room nu este doar un joc. Este o experien\u021b\u0103 comun\u0103, un spa\u021biu \u00een care copii, p\u0103rin\u021bi \u0219i bunici ajung s\u0103 colaboreze, s\u0103 [&hellip;]<\/p>\n","protected":false},"author":1,"featured_media":0,"parent":14,"menu_order":1,"comment_status":"closed","ping_status":"closed","template":"","meta":{"footnotes":""},"acf":[],"_links":{"self":[{"href":"https:\/\/thedungeon.ro\/en\/wp-json\/wp\/v2\/pages\/8718"}],"collection":[{"href":"https:\/\/thedungeon.ro\/en\/wp-json\/wp\/v2\/pages"}],"about":[{"href":"https:\/\/thedungeon.ro\/en\/wp-json\/wp\/v2\/types\/page"}],"author":[{"embeddable":true,"href":"https:\/\/thedungeon.ro\/en\/wp-json\/wp\/v2\/users\/1"}],"replies":[{"embeddable":true,"href":"https:\/\/thedungeon.ro\/en\/wp-json\/wp\/v2\/comments?post=8718"}],"version-history":[{"count":8,"href":"https:\/\/thedungeon.ro\/en\/wp-json\/wp\/v2\/pages\/8718\/revisions"}],"predecessor-version":[{"id":8727,"href":"https:\/\/thedungeon.ro\/en\/wp-json\/wp\/v2\/pages\/8718\/revisions\/8727"}],"up":[{"embeddable":true,"href":"https:\/\/thedungeon.ro\/en\/wp-json\/wp\/v2\/pages\/14"}],"wp:attachment":[{"href":"https:\/\/thedungeon.ro\/en\/wp-json\/wp\/v2\/media?parent=8718"}],"curies":[{"name":"wp","href":"https:\/\/api.w.org\/{rel}","templated":true}]}}