{"id":7385,"date":"2025-02-04T16:04:08","date_gmt":"2025-02-04T14:04:08","guid":{"rendered":"https:\/\/thedungeon.ro\/?post_type=product&#038;p=7385"},"modified":"2026-04-27T14:55:06","modified_gmt":"2026-04-27T11:55:06","slug":"brain-squiz","status":"publish","type":"product","link":"https:\/\/thedungeon.ro\/en\/product\/brain-squiz\/","title":{"rendered":"Brain sQuiz"},"content":{"rendered":"<p>Pl\u0103te\u0219te aici intrarea la Brain sQuiz pentru echipa ta. Selecteaz\u0103 num\u0103rul de intr\u0103ri \u00een func\u021bie de num\u0103rul coechipierilor. In acest fel, masa ta va fi rezervat\u0103 \u0219i confirmat\u0103. Mul\u021bumim c\u0103 te-ai \u00eenscris!<\/p>","protected":false},"excerpt":{"rendered":"<p>Pl\u0103te\u0219te aici intrarea la Brain sQuiz pentru echipa ta. Selecteaz\u0103 num\u0103rul de intr\u0103ri \u00een func\u021bie de num\u0103rul coechipierilor. In acest fel, masa ta va fi rezervat\u0103 \u0219i confirmat\u0103. Mul\u021bumim c\u0103 te-ai \u00eenscris!<\/p>","protected":false},"featured_media":8987,"comment_status":"open","ping_status":"closed","template":"","meta":[],"product_cat":[15],"product_tag":[],"acf":[],"_links":{"self":[{"href":"https:\/\/thedungeon.ro\/en\/wp-json\/wp\/v2\/product\/7385"}],"collection":[{"href":"https:\/\/thedungeon.ro\/en\/wp-json\/wp\/v2\/product"}],"about":[{"href":"https:\/\/thedungeon.ro\/en\/wp-json\/wp\/v2\/types\/product"}],"replies":[{"embeddable":true,"href":"https:\/\/thedungeon.ro\/en\/wp-json\/wp\/v2\/comments?post=7385"}],"wp:featuredmedia":[{"embeddable":true,"href":"https:\/\/thedungeon.ro\/en\/wp-json\/wp\/v2\/media\/8987"}],"wp:attachment":[{"href":"https:\/\/thedungeon.ro\/en\/wp-json\/wp\/v2\/media?parent=7385"}],"wp:term":[{"taxonomy":"product_cat","embeddable":true,"href":"https:\/\/thedungeon.ro\/en\/wp-json\/wp\/v2\/product_cat?post=7385"},{"taxonomy":"product_tag","embeddable":true,"href":"https:\/\/thedungeon.ro\/en\/wp-json\/wp\/v2\/product_tag?post=7385"}],"curies":[{"name":"wp","href":"https:\/\/api.w.org\/{rel}","templated":true}]}}